{"id":4298,"date":"2025-09-08T20:31:24","date_gmt":"2025-09-08T18:31:24","guid":{"rendered":"https:\/\/sandra-bloh.de\/lamaga\/?page_id=4298"},"modified":"2025-11-30T21:58:47","modified_gmt":"2025-11-30T20:58:47","slug":"kurzuebersicht-fuer-eilige","status":"publish","type":"page","link":"https:\/\/sandra-bloh.de\/lamaga\/kurzuebersicht-fuer-eilige\/","title":{"rendered":"Kurzinfo: Story &#038; Stil"},"content":{"rendered":"<p><div class=\"fusion-fullwidth fullwidth-box fusion-builder-row-1 fusion-flex-container has-pattern-background has-mask-background faded-background fusion-parallax-fixed hundred-percent-fullwidth non-hundred-percent-height-scrolling fusion-no-small-visibility\" style=\"--awb-border-radius-top-left:0px;--awb-border-radius-top-right:0px;--awb-border-radius-bottom-right:0px;--awb-border-radius-bottom-left:0px;--awb-padding-top:100px;--awb-padding-right:0px;--awb-padding-bottom:100px;--awb-padding-left:0px;--awb-margin-top:0px;--awb-margin-bottom:0px;--awb-background-image-medium:url(&#039;https:\/\/sandra-bloh.de\/lamaga\/wp-content\/uploads\/2025\/09\/Tablet_Screen_Projekt.webp&#039;);--awb-background-image-small:url(&#039;https:\/\/sandra-bloh.de\/lamaga\/wp-content\/uploads\/2025\/09\/Mobil_Screen_Projekt.webp&#039;);--awb-background-size:contain;--awb-background-size-medium:contain;--awb-background-size-small:contain;--awb-flex-wrap:wrap;background-attachment:fixed;\" ><div class=\"fullwidth-faded\" style=\"--awb-background-color:rgba(0,0,0,0.5);--awb-background-parallax:fixed;--awb-background-image:url(https:\/\/sandra-bloh.de\/lamaga\/wp-content\/uploads\/2025\/09\/Screen_Projekt.webp);--awb-background-image-medium:url(&#039;https:\/\/sandra-bloh.de\/lamaga\/wp-content\/uploads\/2025\/09\/Tablet_Screen_Projekt.webp&#039;);--awb-background-image-small:url(&#039;https:\/\/sandra-bloh.de\/lamaga\/wp-content\/uploads\/2025\/09\/Mobil_Screen_Projekt.webp&#039;);--awb-background-size:contain;--awb-background-size-medium:contain;--awb-background-size-small:contain;\" ><\/div><div class=\"fusion-builder-row fusion-row fusion-flex-align-items-flex-start fusion-flex-align-content-center fusion-flex-content-wrap\" style=\"width:104% !important;max-width:104% !important;margin-left: calc(-4% \/ 2 );margin-right: calc(-4% \/ 2 );\"><\/div><\/div><div class=\"fusion-fullwidth fullwidth-box fusion-builder-row-2 fusion-flex-container has-pattern-background has-mask-background nonhundred-percent-fullwidth non-hundred-percent-height-scrolling fusion-no-small-visibility\" style=\"--awb-border-radius-top-left:0px;--awb-border-radius-top-right:0px;--awb-border-radius-bottom-right:0px;--awb-border-radius-bottom-left:0px;--awb-margin-top:0px;--awb-margin-bottom:0px;--awb-background-color:rgba(0,0,0,0.5);--awb-flex-wrap:wrap;\" ><div class=\"fusion-builder-row fusion-row fusion-flex-align-items-flex-start fusion-flex-content-wrap\" style=\"max-width:1144px;margin-left: calc(-4% \/ 2 );margin-right: calc(-4% \/ 2 );\"><div class=\"fusion-layout-column fusion_builder_column fusion-builder-column-0 fusion_builder_column_1_1 1_1 fusion-flex-column\" style=\"--awb-bg-size:cover;--awb-width-large:100%;--awb-margin-top-large:0px;--awb-spacing-right-large:1.92%;--awb-margin-bottom-large:20px;--awb-spacing-left-large:1.92%;--awb-width-medium:100%;--awb-spacing-right-medium:1.92%;--awb-spacing-left-medium:1.92%;--awb-width-small:100%;--awb-spacing-right-small:1.92%;--awb-spacing-left-small:1.92%;\"><div class=\"fusion-column-wrapper fusion-column-has-shadow fusion-flex-justify-content-flex-start fusion-content-layout-column\"><div class=\"fusion-separator fusion-full-width-sep\" style=\"align-self: center;margin-left: auto;margin-right: auto;width:100%;\"><div class=\"fusion-separator-border sep-double sep-solid\" style=\"--awb-height:20px;--awb-amount:20px;border-color:var(--awb-color3);border-top-width:1px;border-bottom-width:1px;\"><\/div><\/div><div class=\"fusion-text fusion-text-1\" style=\"--awb-margin-top:10px;\"><p><em><span style=\"color: #b29c3a;\">Die &#8220;Schattenherz-Chroniken&#8221; sind eine umfangreiche Fantasy-Reihe in Form eines Webromans.  <\/span><\/em><em><span style=\"color: #b29c3a;\">Die Geschichten spielen in einer Welt mit hohem Immersionsfaktor und facettenreichen Charakteren. Die Grundidee ist klassisch: Eine destruktive Macht droht, die Welt ins Chaos zu st\u00fcrzen.  Dennoch stehen Monster und epische Schlachten nicht im Vordergrund. Stattdessen folgt die Handlung<\/span><\/em><em><span style=\"color: #b29c3a;\"> <\/span><\/em><em><span style=\"color: #b29c3a;\">\u00fcber mehrere Generationen Menschen und Magiern, deren Schicksale miteinander verwoben sind. Eine Besonderheit sind die parallelen Handlungsstr\u00e4nge mit wechselnden Perspektiven, die sich im Verlauf der Geschichten miteinander zu einem dramatischen Finale verweben. Die &#8220;Schattenherz-Chroniken&#8221;  sind etwas f\u00fcr Leser, die tief in eine detailliert ausgearbeitete Welt eintauchen m\u00f6chten.<\/span><\/em><\/p>\n<p><em><span style=\"color: #b29c3a;\"> Ihr seid nicht sicher, ob das eine Geschichte f\u00fcr euch ist? Hier gibt es, kurz, knapp und sachlich, eine Kurz\u00fcbersicht der Eckdaten.<\/span><\/em><\/p>\n<\/div><div class=\"fusion-separator fusion-full-width-sep\" style=\"align-self: center;margin-left: auto;margin-right: auto;width:100%;\"><div class=\"fusion-separator-border sep-double sep-solid\" style=\"--awb-height:20px;--awb-amount:20px;border-color:var(--awb-color3);border-top-width:1px;border-bottom-width:1px;\"><\/div><\/div><div class=\"fusion-builder-row fusion-builder-row-inner fusion-row fusion-flex-align-items-flex-start fusion-flex-content-wrap\" style=\"width:104% !important;max-width:104% !important;margin-left: calc(-4% \/ 2 );margin-right: calc(-4% \/ 2 );\"><div class=\"fusion-layout-column fusion_builder_column_inner fusion-builder-nested-column-0 fusion_builder_column_inner_1_2 1_2 fusion-flex-column\" style=\"--awb-bg-size:cover;--awb-width-large:50%;--awb-margin-top-large:10px;--awb-spacing-right-large:3.84%;--awb-margin-bottom-large:20px;--awb-spacing-left-large:3.84%;--awb-width-medium:50%;--awb-order-medium:0;--awb-spacing-right-medium:3.84%;--awb-spacing-left-medium:3.84%;--awb-width-small:100%;--awb-order-small:0;--awb-spacing-right-small:1.92%;--awb-spacing-left-small:1.92%;\" data-scroll-devices=\"small-visibility,medium-visibility,large-visibility\"><div class=\"fusion-column-wrapper fusion-column-has-shadow fusion-flex-justify-content-flex-start fusion-content-layout-column\"><div class=\"fusion-text fusion-text-2\"><h3><em><strong>Kurzplots (die Handlung in zwei S\u00e4tzen)<\/strong><\/em><\/h3>\n<p><span style=\"color: #b29c3a;\"><em><strong><b>Schattenherz, oder: Die erg\u00e4nzte Seele (Band 1)<\/b><\/strong><\/em><\/span><\/p>\n<p>Protagonistin wird aus tristem Alltag in eine beklemmende Anderswelt versetzt und ger\u00e4t in einen uralten Konflikt gegnerischer Magier.  Doch wer ist der Schurke?<\/p>\n<p><span style=\"color: #b29c3a;\"><em><strong><b>Morgenkind, oder: Die Grenzen des Dunklen (Band 2)<\/b><\/strong><\/em><\/span><\/p>\n<p>Machtlose Magier, ein Turm, der Menschen f\u00e4ngt und Monster in der W\u00fcste \u2013 ob ein M\u00e4rchenerz\u00e4hler das Chaos b\u00e4ndigen kann?<\/p>\n<p><span style=\"color: #b29c3a;\"><em><strong><b>Scherbenlied, oder: Die Suche nach dem B\u00f6sen (Band 3)<\/b><\/strong><\/em><\/span><\/p>\n<p>Junge Ritter wetteifern um das Herz einer Dame. Doch eine mysteri\u00f6se Macht droht, den Turnierplatz zum Schlachtfeld zu machen.<\/p>\n<\/div><\/div><\/div><div class=\"fusion-layout-column fusion_builder_column_inner fusion-builder-nested-column-1 fusion_builder_column_inner_1_2 1_2 fusion-flex-column\" style=\"--awb-bg-size:cover;--awb-width-large:50%;--awb-margin-top-large:0px;--awb-spacing-right-large:3.84%;--awb-margin-bottom-large:20px;--awb-spacing-left-large:3.84%;--awb-width-medium:50%;--awb-order-medium:0;--awb-spacing-right-medium:3.84%;--awb-spacing-left-medium:3.84%;--awb-width-small:100%;--awb-order-small:0;--awb-spacing-right-small:1.92%;--awb-spacing-left-small:1.92%;\"><div class=\"fusion-column-wrapper fusion-column-has-shadow fusion-flex-justify-content-flex-start fusion-content-layout-column\"><div class=\"fusion-text fusion-text-3\"><h3><em><strong>Wissenswertes zur Lekt\u00fcre<\/strong><\/em><\/h3>\n<ul>\n<li><span style=\"color: #b29c3a;\"><strong><b>Genre:<\/b><\/strong> <\/span>High Fantasy mit Elementen aus Epic-, Dark- und Portal Fantasy (und ein bisschen M\u00e4rchen).<\/li>\n<li data-start=\"1384\" data-end=\"1414\"><span style=\"color: #b29c3a;\"><strong data-start=\"1384\" data-end=\"1398\"><b>Lesealter:<\/b><\/strong><\/span> ab 16 Jahren.<\/li>\n<li data-start=\"1417\" data-end=\"1520\"><span style=\"color: #b29c3a;\"><strong data-start=\"1417\" data-end=\"1428\"><b>Umfang:<\/b><\/strong><\/span> geplant sind 5 B\u00e4nde. Band 1 &amp; 2 abgeschlossen, Band 3 in Arbeit (Stand: Dezember 2025).<\/li>\n<li data-start=\"1523\" data-end=\"1630\"><span style=\"color: #b29c3a;\"><strong data-start=\"1523\" data-end=\"1536\"><b>Rhythmus:<\/b><\/strong><\/span> in der Regel sonntags ein neues Kapitel. <\/li>\n<li data-start=\"1633\" data-end=\"1742\"><b><span style=\"color: #b29c3a;\"><span data-start=\"1633\" data-end=\"1649\"><b>Welt &amp; Lore:<\/b><\/span><\/span> <\/b>sehr hoher Immersionsfaktor durch Mythologie, In-world-Vokabular und detailliertes Wordbuilding.<\/li>\n<li data-start=\"1745\" data-end=\"1851\"><b><b><span style=\"color: #b29c3a;\"><span data-start=\"1745\" data-end=\"1755\">Fokus:<\/span><\/span><\/b> <\/b>Charakter-getriebene Handlung, erz\u00e4hlerischer Fokus auf den Figuren<\/li>\n<li data-start=\"1745\" data-end=\"1851\"><b><b><span style=\"color: #b29c3a;\">Konzept:<\/span><\/b>  <\/b>komplexe Handlung statt schneller Action<\/li>\n<li><span style=\"color: #b29c3a;\"><strong data-start=\"185\" data-end=\"258\"><b>Sprachstil:<\/b> <\/strong><\/span>atmosph\u00e4risch, bewusst leicht archaisierend<\/li>\n<li data-start=\"1854\" data-end=\"1903\"><span style=\"color: #b29c3a;\"><strong data-start=\"1854\" data-end=\"1873\"><b>Spice:<\/b><\/strong><\/span> Sorry. Keine expliziten Sexszenen.<\/li>\n<li data-start=\"1906\" data-end=\"1929\"><span style=\"color: #b29c3a;\"><strong data-start=\"1906\" data-end=\"1927\"><b>Triggerwarnungen:<\/b><\/strong><\/span>\n<ul>\n<li>Tod &amp; Trauer<\/li>\n<li data-start=\"1953\" data-end=\"1965\">Depression<\/li>\n<li data-start=\"1970\" data-end=\"2022\">Blut &amp; moderate Gewalt (kein explizites Gore)<\/li>\n<li data-start=\"2027\" data-end=\"2036\">Alkoholkonsum<\/li>\n<li data-start=\"2041\" data-end=\"2052\">Krankheit<\/li>\n<li data-start=\"2057\" data-end=\"2064\">Krieg<\/li>\n<\/ul>\n<\/li>\n<\/ul>\n<\/div><\/div><\/div><\/div><\/div><\/div><\/div><\/div><div class=\"fusion-fullwidth fullwidth-box fusion-builder-row-3 fusion-flex-container has-pattern-background has-mask-background nonhundred-percent-fullwidth non-hundred-percent-height-scrolling fusion-no-medium-visibility fusion-no-large-visibility\" style=\"--awb-border-radius-top-left:0px;--awb-border-radius-top-right:0px;--awb-border-radius-bottom-right:0px;--awb-border-radius-bottom-left:0px;--awb-margin-top:0px;--awb-margin-bottom:0px;--awb-background-color:rgba(0,0,0,0.5);--awb-flex-wrap:wrap;\" ><div class=\"fusion-builder-row fusion-row fusion-flex-align-items-flex-start fusion-flex-content-wrap\" style=\"max-width:1144px;margin-left: calc(-4% \/ 2 );margin-right: calc(-4% \/ 2 );\"><div class=\"fusion-layout-column fusion_builder_column fusion-builder-column-1 fusion_builder_column_1_1 1_1 fusion-flex-column\" style=\"--awb-bg-size:cover;--awb-width-large:100%;--awb-margin-top-large:10px;--awb-spacing-right-large:1.92%;--awb-margin-bottom-large:20px;--awb-spacing-left-large:1.92%;--awb-width-medium:100%;--awb-order-medium:0;--awb-spacing-right-medium:1.92%;--awb-spacing-left-medium:1.92%;--awb-width-small:100%;--awb-order-small:0;--awb-spacing-right-small:1.92%;--awb-spacing-left-small:1.92%;\" data-scroll-devices=\"small-visibility,medium-visibility,large-visibility\"><div class=\"fusion-column-wrapper fusion-column-has-shadow fusion-flex-justify-content-flex-start fusion-content-layout-column\"><div class=\"fusion-text fusion-text-4\"><p><span style=\"color: #b29c3a;\"><em>Die \u201eSchattenherz-Chroniken\u201c spielen in einer pseudo-mittelalterlichen Fantasy-Welt mit tiefer Immersion und sorgf\u00e4ltig gezeichneten Charakteren. Angesichts einer mythisch-\u00fcbernat\u00fcrlichen Bedrohung entwickelt sich ein Wechselspiel aus magischen und menschlichen Motiven. Eine Besonderheit sind die parallelen\u00a0 Handlungsstr\u00e4nge mit wechselnden Perspektiven, die sich im Verlauf der Geschichten miteinander zu einem dramatischen Finale verweben. Ihr seid nicht sicher, ob das eine Geschichte f\u00fcr euch ist? Hier gibt es, kurz, knapp und sachlich, eine Kurz\u00fcbersicht der Eckdaten.<\/em><\/span><\/p>\n<h3><em><strong>Kurzplots (die Handlung in zwei S\u00e4tzen)<\/strong><\/em><\/h3>\n<p><span style=\"color: #b29c3a;\"><em><strong>Schattenherz, oder: Die erg\u00e4nzte Seele (Band 1)<\/strong><\/em><\/span><\/p>\n<p>Protagonistin wird aus tristem Alltag in eine beklemmende Anderswelt versetzt und ger\u00e4t in einen uralten Konflikt gegnerischer Magier. \u00a0Doch wer ist der Schurke?<\/p>\n<p><span style=\"color: #b29c3a;\"><em><strong>Morgenkind, oder: Die Grenzen des Dunklen (Band 2)<\/strong><\/em><\/span><\/p>\n<p>Machtlose Magier, ein Turm, der Menschen f\u00e4ngt und Monster in der W\u00fcste \u2013 ob ein M\u00e4rchenerz\u00e4hler das Chaos b\u00e4ndigen kann?<\/p>\n<p><span style=\"color: #b29c3a;\"><em><strong>Scherbenlied, oder: Die Suche nach dem B\u00f6sen (Band 3)<\/strong><\/em><\/span><\/p>\n<p>Junge Ritter wetteifern um das Herz einer Dame. Doch eine mysteri\u00f6se Macht droht, den Turnierplatz \u00a0zum Schlachtfeld zu machen.<\/p>\n<h3><em><strong>Wissenswertes zur Lekt\u00fcre<\/strong><\/em><\/h3>\n<ul>\n<li><span style=\"color: #b29c3a;\"><strong>Genre:<\/strong><\/span> High Fantasy mit Elementen aus Epic, Dark und Portal Fantasy.<\/li>\n<li data-start=\"1384\" data-end=\"1414\"><span style=\"color: #b29c3a;\"><strong data-start=\"1384\" data-end=\"1398\">Lesealter:<\/strong><\/span> ab 16 Jahren.<\/li>\n<li data-start=\"1417\" data-end=\"1520\"><span style=\"color: #b29c3a;\"><strong data-start=\"1417\" data-end=\"1428\">Umfang:<\/strong><\/span> geplant sind 5 B\u00e4nde. Band 1 &amp; 2 abgeschlossen, Band 3 in Arbeit (Stand: September 2025).<\/li>\n<li data-start=\"1523\" data-end=\"1630\"><span style=\"color: #b29c3a;\"><strong data-start=\"1523\" data-end=\"1536\">Rhythmus:<\/strong><\/span> in der Regel sonntags ein neues Kapitel. Hobbyprojekt \u2192 gelegentlich Verz\u00f6gerungen m\u00f6glich.<\/li>\n<li data-start=\"1633\" data-end=\"1742\"><span style=\"color: #b29c3a;\"><strong data-start=\"1633\" data-end=\"1649\">Welt &amp; Lore:<\/strong><\/span> eigene Mythologie, In-world-Vokabular, kulturelle Hintergr\u00fcnde \u2192 starker Immersionsfaktor.<\/li>\n<li data-start=\"1633\" data-end=\"1742\"><span style=\"color: #b29c3a;\"><strong>Konzept<\/strong>:<\/span> erz\u00e4hlerischer Fokus auf Menschen statt auf Monstern.<\/li>\n<li data-start=\"1745\" data-end=\"1851\"><span style=\"color: #b29c3a;\"><strong data-start=\"1745\" data-end=\"1755\">Fokus:<\/strong> c<\/span>haracter-driven Storytelling. Action und epische Kampfszenen stehen nicht im Vordergrund. Es geht um die Personen.<\/li>\n<li data-start=\"1745\" data-end=\"1851\"><strong data-start=\"185\" data-end=\"258\"><span style=\"color: #b29c3a;\">Sprachstil:<\/span> <\/strong>atmosph\u00e4risch, bewusst leicht archaisierend<\/li>\n<li data-start=\"1854\" data-end=\"1903\"><span style=\"color: #b29c3a;\"><strong data-start=\"1854\" data-end=\"1873\">Spice:<\/strong><\/span> keine expliziten Sexszenen.<\/li>\n<li data-start=\"1906\" data-end=\"1929\"><span style=\"color: #b29c3a;\"><strong data-start=\"1906\" data-end=\"1927\">Triggerwarnungen:<\/strong><\/span>\n<ul>\n<li>Tod &amp; Trauer<\/li>\n<li data-start=\"1953\" data-end=\"1965\">Depression<\/li>\n<li data-start=\"1970\" data-end=\"2022\">Blut &amp; moderate Gewalt (Kampfszenen, Schl\u00e4gereien)<\/li>\n<li data-start=\"2027\" data-end=\"2036\">Alkohol<\/li>\n<li data-start=\"2041\" data-end=\"2052\">Krankheit<\/li>\n<li data-start=\"2057\" data-end=\"2064\">Krieg<\/li>\n<\/ul>\n<\/li>\n<\/ul>\n<\/div><\/div><\/div><\/div><\/div><\/p>\n","protected":false},"excerpt":{"rendered":"","protected":false},"author":2,"featured_media":0,"parent":0,"menu_order":0,"comment_status":"closed","ping_status":"closed","template":"100-width.php","meta":{"footnotes":""},"class_list":["post-4298","page","type-page","status-publish","hentry"],"acf":[],"_links":{"self":[{"href":"https:\/\/sandra-bloh.de\/lamaga\/wp-json\/wp\/v2\/pages\/4298","targetHints":{"allow":["GET"]}}],"collection":[{"href":"https:\/\/sandra-bloh.de\/lamaga\/wp-json\/wp\/v2\/pages"}],"about":[{"href":"https:\/\/sandra-bloh.de\/lamaga\/wp-json\/wp\/v2\/types\/page"}],"author":[{"embeddable":true,"href":"https:\/\/sandra-bloh.de\/lamaga\/wp-json\/wp\/v2\/users\/2"}],"replies":[{"embeddable":true,"href":"https:\/\/sandra-bloh.de\/lamaga\/wp-json\/wp\/v2\/comments?post=4298"}],"version-history":[{"count":32,"href":"https:\/\/sandra-bloh.de\/lamaga\/wp-json\/wp\/v2\/pages\/4298\/revisions"}],"predecessor-version":[{"id":4608,"href":"https:\/\/sandra-bloh.de\/lamaga\/wp-json\/wp\/v2\/pages\/4298\/revisions\/4608"}],"wp:attachment":[{"href":"https:\/\/sandra-bloh.de\/lamaga\/wp-json\/wp\/v2\/media?parent=4298"}],"curies":[{"name":"wp","href":"https:\/\/api.w.org\/{rel}","templated":true}]}}