{"id":399,"date":"2022-02-14T12:31:14","date_gmt":"2022-02-14T11:31:14","guid":{"rendered":"http:\/\/sandra-bloh.de\/lamaga\/?page_id=399"},"modified":"2025-12-19T23:30:47","modified_gmt":"2025-12-19T22:30:47","slug":"ueber-das-projekt","status":"publish","type":"page","link":"https:\/\/sandra-bloh.de\/lamaga\/ueber-das-projekt\/","title":{"rendered":"Geschichte einer Weltflucht"},"content":{"rendered":"<p><div class=\"fusion-fullwidth fullwidth-box fusion-builder-row-1 fusion-flex-container has-pattern-background has-mask-background faded-background fusion-parallax-fixed hundred-percent-fullwidth non-hundred-percent-height-scrolling\" style=\"--awb-border-radius-top-left:0px;--awb-border-radius-top-right:0px;--awb-border-radius-bottom-right:0px;--awb-border-radius-bottom-left:0px;--awb-padding-top:100px;--awb-padding-right:0px;--awb-padding-bottom:100px;--awb-padding-left:0px;--awb-margin-top:0px;--awb-margin-bottom:0px;--awb-background-image-medium:url(&#039;https:\/\/sandra-bloh.de\/lamaga\/wp-content\/uploads\/2025\/09\/Tablet_Vorwort.webp&#039;);--awb-background-image-small:url(&#039;https:\/\/sandra-bloh.de\/lamaga\/wp-content\/uploads\/2025\/09\/Mobil_Vorwort.webp&#039;);--awb-background-size:contain;--awb-background-size-medium:contain;--awb-background-size-small:contain;--awb-flex-wrap:wrap;background-attachment:fixed;\" ><div class=\"fullwidth-faded\" style=\"--awb-background-color:rgba(0,0,0,0.5);--awb-background-parallax:fixed;--awb-background-image:url(https:\/\/sandra-bloh.de\/lamaga\/wp-content\/uploads\/2025\/09\/Screen_Vorwort.webp);--awb-background-image-medium:url(&#039;https:\/\/sandra-bloh.de\/lamaga\/wp-content\/uploads\/2025\/09\/Tablet_Vorwort.webp&#039;);--awb-background-image-small:url(&#039;https:\/\/sandra-bloh.de\/lamaga\/wp-content\/uploads\/2025\/09\/Mobil_Vorwort.webp&#039;);--awb-background-size:contain;--awb-background-size-medium:contain;--awb-background-size-small:contain;\" ><\/div><div class=\"fusion-builder-row fusion-row fusion-flex-align-items-flex-start fusion-flex-align-content-center fusion-flex-content-wrap\" style=\"width:104% !important;max-width:104% !important;margin-left: calc(-4% \/ 2 );margin-right: calc(-4% \/ 2 );\"><\/div><\/div><div class=\"fusion-fullwidth fullwidth-box fusion-builder-row-2 fusion-flex-container has-pattern-background has-mask-background nonhundred-percent-fullwidth non-hundred-percent-height-scrolling\" style=\"--awb-border-radius-top-left:0px;--awb-border-radius-top-right:0px;--awb-border-radius-bottom-right:0px;--awb-border-radius-bottom-left:0px;--awb-padding-right:0px;--awb-margin-top:0px;--awb-margin-bottom:0px;--awb-background-color:rgba(0,0,0,0.5);--awb-flex-wrap:wrap;\" ><div class=\"fusion-builder-row fusion-row fusion-flex-align-items-flex-start fusion-flex-content-wrap\" style=\"max-width:1144px;margin-left: calc(-4% \/ 2 );margin-right: calc(-4% \/ 2 );\"><div class=\"fusion-layout-column fusion_builder_column fusion-builder-column-0 fusion_builder_column_1_1 1_1 fusion-flex-column\" style=\"--awb-bg-size:cover;--awb-width-large:100%;--awb-margin-top-large:0px;--awb-spacing-right-large:1.92%;--awb-margin-bottom-large:20px;--awb-spacing-left-large:1.92%;--awb-width-medium:100%;--awb-order-medium:0;--awb-spacing-right-medium:1.92%;--awb-spacing-left-medium:1.92%;--awb-width-small:100%;--awb-order-small:0;--awb-spacing-right-small:1.92%;--awb-spacing-left-small:1.92%;\"><div class=\"fusion-column-wrapper fusion-column-has-shadow fusion-flex-justify-content-flex-start fusion-content-layout-column\"><div class=\"fusion-text fusion-text-1\"><\/div><div class=\"fusion-separator fusion-full-width-sep\" style=\"align-self: center;margin-left: auto;margin-right: auto;width:100%;\"><div class=\"fusion-separator-border sep-double sep-solid\" style=\"--awb-height:20px;--awb-amount:20px;border-color:var(--awb-color3);border-top-width:1px;border-bottom-width:1px;\"><\/div><\/div><\/div><\/div><div class=\"fusion-layout-column fusion_builder_column fusion-builder-column-1 fusion_builder_column_1_1 1_1 fusion-flex-column\" style=\"--awb-bg-size:cover;--awb-width-large:100%;--awb-margin-top-large:0px;--awb-spacing-right-large:1.92%;--awb-margin-bottom-large:20px;--awb-spacing-left-large:1.92%;--awb-width-medium:100%;--awb-spacing-right-medium:1.92%;--awb-spacing-left-medium:1.92%;--awb-width-small:100%;--awb-spacing-right-small:1.92%;--awb-spacing-left-small:1.92%;\"><div class=\"fusion-column-wrapper fusion-column-has-shadow fusion-flex-justify-content-flex-start fusion-content-layout-column\"><div class=\"fusion-text fusion-text-2\"><h4><i><span style=\"color: var(--awb-custom_color_1);\"> Wollt ihr eine Geschichte h\u00f6ren? Dann schlie\u00dft eure Augen und stellt euch vor\u2026<\/span><\/i><\/h4>\n<\/div><\/div><\/div><\/div><\/div><div class=\"fusion-fullwidth fullwidth-box fusion-builder-row-3 fusion-flex-container has-pattern-background has-mask-background nonhundred-percent-fullwidth non-hundred-percent-height-scrolling fusion-no-small-visibility\" style=\"--awb-border-radius-top-left:0px;--awb-border-radius-top-right:0px;--awb-border-radius-bottom-right:0px;--awb-border-radius-bottom-left:0px;--awb-margin-top:0px;--awb-margin-bottom:0px;--awb-background-color:rgba(0,0,0,0.5);--awb-flex-wrap:wrap;\" ><div class=\"fusion-builder-row fusion-row fusion-flex-align-items-flex-start fusion-flex-content-wrap\" style=\"max-width:1144px;margin-left: calc(-4% \/ 2 );margin-right: calc(-4% \/ 2 );\"><div class=\"fusion-layout-column fusion_builder_column fusion-builder-column-2 fusion_builder_column_1_1 1_1 fusion-flex-column\" style=\"--awb-bg-size:cover;--awb-width-large:100%;--awb-margin-top-large:0px;--awb-spacing-right-large:1.92%;--awb-margin-bottom-large:20px;--awb-spacing-left-large:1.92%;--awb-width-medium:100%;--awb-order-medium:0;--awb-spacing-right-medium:1.92%;--awb-spacing-left-medium:1.92%;--awb-width-small:100%;--awb-order-small:0;--awb-spacing-right-small:1.92%;--awb-spacing-left-small:1.92%;\"><div class=\"fusion-column-wrapper fusion-column-has-shadow fusion-flex-justify-content-flex-start fusion-content-layout-column\"><div class=\"fusion-text fusion-text-3\"><\/div><div class=\"fusion-separator fusion-full-width-sep\" style=\"align-self: center;margin-left: auto;margin-right: auto;width:100%;\"><div class=\"fusion-separator-border sep-double sep-solid\" style=\"--awb-height:20px;--awb-amount:20px;border-color:var(--awb-color3);border-top-width:1px;border-bottom-width:1px;\"><\/div><\/div><\/div><\/div><div class=\"fusion-layout-column fusion_builder_column fusion-builder-column-3 fusion_builder_column_1_1 1_1 fusion-flex-column\" style=\"--awb-bg-size:cover;--awb-width-large:100%;--awb-margin-top-large:0px;--awb-spacing-right-large:1.92%;--awb-margin-bottom-large:20px;--awb-spacing-left-large:1.92%;--awb-width-medium:100%;--awb-spacing-right-medium:1.92%;--awb-spacing-left-medium:1.92%;--awb-width-small:100%;--awb-spacing-right-small:1.92%;--awb-spacing-left-small:1.92%;\"><div class=\"fusion-column-wrapper fusion-column-has-shadow fusion-flex-justify-content-flex-start fusion-content-layout-column\"><div class=\"fusion-text fusion-text-4 awb-text-cols fusion-text-columns-2\" style=\"--awb-columns:2;--awb-column-spacing:2em;--awb-column-min-width:100px;\"><p>\u2026 stellt euch vor, ihr befindet euch in einer der Nachtherbergen, irgendwo zwischen Aur\u00f3p\u00e9a am Rand der W\u00fcste und Virhav\u00e9t am weiten Meer. Der Ort spielt keine Rolle. Alle Gasth\u00e4user sind einander \u00e4hnlich, \u00fcberall im Weltenspiel. An den Hauptstra\u00dfen etwas gr\u00f6\u00dfer als in der Provinz, aber das ist einerlei. Das Publikum, das man antrifft, ist \u00fcberall dasselbe.<\/p>\n<p>Es ist bereits dunkel, Nokt\u00e1mas Juwel strahlt schon seit einiger Zeit vom Himmel. K\u00fchl ist es geworden und gef\u00e4hrlich auf den Stra\u00dfen. Keine Sorge: Hier in der Herberge seid ihr sicher. Der Gastraum ist voller Menschen, voller Gemurmel und Geschw\u00e4tz, und aus der K\u00fcche duftet es vielversprechend. Eine scharf gew\u00fcrzte Suppe, ein frisch gebackenes Brot, dazu ein erfrischendes Getr\u00e4nk \u2013 w\u00e4hlt, was ihr bezahlen k\u00f6nnt, und es wird euch vorgelegt.  Sp\u00e4ter wartet ein sauberes Nachtlager auf euch, vielleicht sogar ein richtiges Bett. <\/p>\n<p>Genie\u00dft die W\u00e4rme des prasselnden Kaminfeuers und schaut euch um, schaut, all diese Leute, die denselben Weg bereisen wie ihr. Seht, dort am Kopfende des Saales, die beiden Ritter, die zwei vornehme Damen begleiten. Sie bem\u00fchen sich um sittsames Geplauder, einer versucht ganz offensichtlich, die junge Dame zu beeindrucken.  Oder dort, am Feuer, wo es am hellsten ist. Da sitzt ein Gelehrter, gekleidet nach der neuesten Mode von Iva\u00e1l, bunt und pr\u00e4chtig. Er ist ganz in sich versunken und studiert ein kluges Buch. Wohin er wohl weiterreisen wird? Vielleicht kommt er mit den Flussfahrern ihm schr\u00e4g gegen\u00fcber ins Gespr\u00e4ch, die wohl f\u00fcr die Nacht in der N\u00e4he angelegt haben und ein bisschen zu laut reden und lachen. Dort hinten, in der Ecke, sitzen zwei H\u00e4ndler aus For\u00e9tern und unterhalten sich \u00fcber ihre Gesch\u00e4fte, ihre Ware und Gewinne. Sie bemerken nicht, dass die zwielichtigen Gestalten am Nebentisch ihnen unn\u00f6tig aufmerksam zuh\u00f6ren. Und da sind noch viel mehr Leute, wandernde Handwerker, Frauen und M\u00e4nner auf Reisen, ortsans\u00e4ssige Bauern und Dorfbewohner, denen es nach einer geselligen Runde ist. Es ist ein freundliches, ein heimeliges Gemurmel, Geschw\u00e4tz und Gel\u00e4chter, unter dem Dach dieser Herberge. So viele Menschen, so viele Wege, so viele Ziele. Sie alle machen hier Rast auf ihrem Weg durch das ewige Weltenspiel.<\/p>\n<p>Und ich, ich bin auch da. Ich bin eine bescheidene <i>b\u00e1chorkora<\/i>, ebenfalls auf diesen Wegen, hierhin und dorthin. Ihr wisst nicht, was <i>b\u00e1chorkoray <\/i>sind? Nun \u2026 wir sind die H\u00fcter der Geschichten. Wir tragen sie von einem Ort zum N\u00e4chsten, immer das, was unterh\u00e4lt, belehrt, was guttut. Wir erz\u00e4hlen Neuigkeiten und Legenden, Wahrheit und L\u00fcgen, Wissen und M\u00e4rchen. Wir bringen euch zum Lachen, zum Weinen, zum Tr\u00e4umen. Wir r\u00fchren an euer Herz, euren Verstand, eure Moral. Wir sind weder Gaukler noch Spielleute.  Wir m\u00f6gen euch so erscheinen in unseren abgetragenen Gew\u00e4ndern, in unserer Demut und Rastlosigkeit. Aber in Wirklichkeit sind wir m\u00e4chtig und stark. Wir beherrschen das Wort. Das gef\u00e4llt nicht jedem \u2013 aber heute und hier, da bin ich willkommen. <\/p>\n<p>Was soll ich euch erz\u00e4hlen? F\u00fcr gefl\u00fcsterte Geschichten aus Aur\u00f3p\u00e9a ist es noch zu fr\u00fch. Es sind noch Kinder im Saal. Aber ich k\u00f6nnte euch von Begebenheiten erz\u00e4hlen, die man selbst unter meinesgleichen mit Staunen und Ehrfurcht erz\u00e4hlt, mit Schrecken und Entz\u00fccken. Es sind Geschichten von Menschen, wie ihr es seid, und von Magiern, aus jenen Zeiten, als das Weltenspiel ersch\u00fcttert wurde und das Chaos allzu nahe kam.  Ich werde euch berichten, was es mit ihnen auf sich hatte, mit den nachtgeweihten Schattens\u00e4ngern und den Lichtw\u00e4chtern,  mit den  J\u00e4gern und Gejagten \u2013 aber wer ist wer? Ich berichte von den Regenbogenrittern, geboren aus Feuer und Farben, die das Chaos in Patagh\u00edus Namen versiegeln. Und ich erz\u00e4hle von den Menschen, von Liebe und Hass, von Freundschaft und Verrat, von Ehre, Niedertracht und Tapferkeit. Ich erz\u00e4hle  vom Weltenspielverderber, und wie sie alle, Menschen und Magier, zusammenwirkten und es bis heute tun.<\/p>\n<p>Man hat mich bemerkt. H\u00f6rt ihr, wie sie alle verstummen, nach und nach, die prahlenden Ritter, die feilschenden H\u00e4ndler, die schwatzenden Frauen sogar in der K\u00fcche, die  pl\u00f6tzlich alle im Gastraum zu tun haben? Sie warten auf meine Worte. H\u00f6rt mir zu und lasst euch fesseln und verzaubern von den Schattenherz-Chroniken. <\/p>\n<p>Auch <i>bachorkoray <\/i>leben nicht von Luft und Sonne. Wir erz\u00e4hlen f\u00fcr eine Mahlzeit und einen Schlafplatz, oder um geringe M\u00fcnzen. Wenn euch gef\u00e4llt, was ihr hier h\u00f6rt, danke ich euch f\u00fcr eine kleine Gabe nach eurem Ermessen: <a href=\"https:\/\/www.paypal.com\/ncp\/payment\/5DD6GM3S3VHAL\" target=\"_blank\" rel=\"noopener noreferrer\" style=\"color: var(--awb-custom_color_1);\">Hutgeld f\u00fcr die Erz\u00e4hlerin (Paypal)<\/a> . <\/p>\n<p>Ich hoffe, meine Geschichten werden euch gut unterhalten!<\/p>\n<\/div><\/div><\/div><\/div><\/div><div class=\"fusion-fullwidth fullwidth-box fusion-builder-row-4 fusion-flex-container has-pattern-background has-mask-background nonhundred-percent-fullwidth non-hundred-percent-height-scrolling fusion-no-medium-visibility fusion-no-large-visibility\" style=\"--awb-border-radius-top-left:0px;--awb-border-radius-top-right:0px;--awb-border-radius-bottom-right:0px;--awb-border-radius-bottom-left:0px;--awb-margin-top:0px;--awb-margin-bottom:0px;--awb-background-color:rgba(0,0,0,0.5);--awb-flex-wrap:wrap;\" ><div class=\"fusion-builder-row fusion-row fusion-flex-align-items-flex-start fusion-flex-content-wrap\" style=\"max-width:1144px;margin-left: calc(-4% \/ 2 );margin-right: calc(-4% \/ 2 );\"><div class=\"fusion-layout-column fusion_builder_column fusion-builder-column-4 fusion_builder_column_1_1 1_1 fusion-flex-column\" style=\"--awb-bg-size:cover;--awb-width-large:100%;--awb-margin-top-large:0px;--awb-spacing-right-large:1.92%;--awb-margin-bottom-large:20px;--awb-spacing-left-large:1.92%;--awb-width-medium:100%;--awb-order-medium:0;--awb-spacing-right-medium:1.92%;--awb-spacing-left-medium:1.92%;--awb-width-small:100%;--awb-order-small:0;--awb-spacing-right-small:1.92%;--awb-spacing-left-small:1.92%;\"><div class=\"fusion-column-wrapper fusion-column-has-shadow fusion-flex-justify-content-flex-start fusion-content-layout-column\"><div class=\"fusion-separator fusion-full-width-sep\" style=\"align-self: center;margin-left: auto;margin-right: auto;width:100%;\"><div class=\"fusion-separator-border sep-double sep-solid\" style=\"--awb-height:20px;--awb-amount:20px;border-color:var(--awb-color3);border-top-width:1px;border-bottom-width:1px;\"><\/div><\/div><div class=\"fusion-text fusion-text-5\"><\/div><\/div><\/div><div class=\"fusion-layout-column fusion_builder_column fusion-builder-column-5 fusion_builder_column_1_1 1_1 fusion-flex-column\" style=\"--awb-bg-size:cover;--awb-width-large:100%;--awb-margin-top-large:0px;--awb-spacing-right-large:1.92%;--awb-margin-bottom-large:20px;--awb-spacing-left-large:1.92%;--awb-width-medium:100%;--awb-spacing-right-medium:1.92%;--awb-spacing-left-medium:1.92%;--awb-width-small:100%;--awb-spacing-right-small:1.92%;--awb-spacing-left-small:1.92%;\"><div class=\"fusion-column-wrapper fusion-column-has-shadow fusion-flex-justify-content-flex-start fusion-content-layout-column\"><div class=\"fusion-text fusion-text-6\"><p>Ben\u00f6tigt ihr eine Geschichte?<\/p>\n<p>Dann legt eure Gedanken und Gesch\u00e4fte eine Weile beiseite, gesellt euch zu mir und h\u00f6rt mir zu. Ich bin LaMaga, eure bescheidene und dem\u00fctige <em>b\u00e1chorkora<\/em>, und ich werde euch etwas erz\u00e4hlen. Lasst euch von meinen Worten in eine andere Welt entf\u00fchren. Tretet n\u00e4her, aber seid vorsichtig, welche Gedanken ihr mitbringt. Die Geschichten der <em>b\u00e1chorkoray<\/em> sind nur aus Scherzen und Heldenmut gewebt. Nicht alles, was ich euch zu sagen habe, ist f\u00fcr die Ohren der Leichtherzigen bestimmt.<\/p>\n<p>H\u00f6rt also, wenn ihr euch getraut, nun von einer Welt, in der unsichtbare M\u00e4chte wachen und walten, einer Welt, in der die Menschen, vom t\u00f6richten Narren zum kl\u00fcgsten Gelehrten, nur Spielfiguren sind. Akteure in einem Spiel, das sie nicht ganz verstehen. Liebe und Tod, Macht und Magie, Mut und Furcht, Weisheit und Wahnsinn \u2013 alles kann sich wenden, selbst wenn es scheint, der n\u00e4chste schlaue Zug sei getan. Denn hinter allem lauert eine zerst\u00f6rerische Macht \u2013 an Orten, wo niemand mit ihr rechnet.<\/p>\n<p data-start=\"787\" data-end=\"1043\">Macht euch gefasst zu erfahren, dass kaum etwas ist, wie es scheint. Keine strahlenden Helden, kein glorreicher Sieg. Nur Menschen und Magier. Wesen, die hoffen, verzweifeln, lieben und verlieren. Und eine dunkle Zukunft.<\/p>\n<p><em>B\u00e1chorkoray<\/em> suchen nicht nach Reichtum. Wir sind da, um Geschichten am Leben zu erhalten und weiterzutragen, sodass sie nicht in Vergessenheit geraten. Wenn euch unsere Geschichten gefallen, sind wir dankbar f\u00fcr eine kleine Zuwendung nach eurem Ermessen. (Paymentbutton) M\u00f6gen eure eigenen Geschichten stets weiter erz\u00e4hlt werden!<\/p>\n<\/div><\/div><\/div><div class=\"fusion-layout-column fusion_builder_column fusion-builder-column-6 fusion_builder_column_1_1 1_1 fusion-flex-column\" style=\"--awb-bg-size:cover;--awb-width-large:100%;--awb-margin-top-large:0px;--awb-spacing-right-large:1.92%;--awb-margin-bottom-large:20px;--awb-spacing-left-large:1.92%;--awb-width-medium:100%;--awb-order-medium:0;--awb-spacing-right-medium:1.92%;--awb-spacing-left-medium:1.92%;--awb-width-small:100%;--awb-order-small:0;--awb-spacing-right-small:1.92%;--awb-spacing-left-small:1.92%;\"><div class=\"fusion-column-wrapper fusion-column-has-shadow fusion-flex-justify-content-flex-start fusion-content-layout-column\"><div style=\"text-align:right;\"><a class=\"fusion-button button-flat fusion-button-default-size button-custom fusion-button-default button-1 fusion-button-default-span fusion-button-default-type fusion-has-button-gradient\" style=\"--button_accent_color:var(--awb-color8);--button_accent_hover_color:var(--awb-color8);--button_border_hover_color:var(--awb-color1);--button_gradient_top_color:var(--awb-color3);--button_gradient_bottom_color:var(--awb-custom_color_1);--button_gradient_top_color_hover:hsla(var(--awb-color4-h),calc(var(--awb-color4-s) - 5%),calc(var(--awb-color4-l) - 10%),var(--awb-color4-a));--button_gradient_bottom_color_hover:hsla(var(--awb-color3-h),calc(var(--awb-color3-s) - 5%),calc(var(--awb-color3-l) - 10%),var(--awb-color3-a));\" target=\"_self\" href=\"https:\/\/sandra-bloh.de\/lamaga\/3567-2\/\"><span class=\"fusion-button-text awb-button__text awb-button__text--default\">.. weiter lesen &#8230;<\/span><\/a><\/div><\/div><\/div><\/div><\/div><\/p>\n","protected":false},"excerpt":{"rendered":"","protected":false},"author":2,"featured_media":0,"parent":0,"menu_order":0,"comment_status":"closed","ping_status":"closed","template":"100-width.php","meta":{"footnotes":""},"class_list":["post-399","page","type-page","status-publish","hentry"],"acf":[],"_links":{"self":[{"href":"https:\/\/sandra-bloh.de\/lamaga\/wp-json\/wp\/v2\/pages\/399","targetHints":{"allow":["GET"]}}],"collection":[{"href":"https:\/\/sandra-bloh.de\/lamaga\/wp-json\/wp\/v2\/pages"}],"about":[{"href":"https:\/\/sandra-bloh.de\/lamaga\/wp-json\/wp\/v2\/types\/page"}],"author":[{"embeddable":true,"href":"https:\/\/sandra-bloh.de\/lamaga\/wp-json\/wp\/v2\/users\/2"}],"replies":[{"embeddable":true,"href":"https:\/\/sandra-bloh.de\/lamaga\/wp-json\/wp\/v2\/comments?post=399"}],"version-history":[{"count":51,"href":"https:\/\/sandra-bloh.de\/lamaga\/wp-json\/wp\/v2\/pages\/399\/revisions"}],"predecessor-version":[{"id":4660,"href":"https:\/\/sandra-bloh.de\/lamaga\/wp-json\/wp\/v2\/pages\/399\/revisions\/4660"}],"wp:attachment":[{"href":"https:\/\/sandra-bloh.de\/lamaga\/wp-json\/wp\/v2\/media?parent=399"}],"curies":[{"name":"wp","href":"https:\/\/api.w.org\/{rel}","templated":true}]}}