{"id":367,"date":"2022-02-14T09:24:18","date_gmt":"2022-02-14T08:24:18","guid":{"rendered":"http:\/\/sandra-bloh.de\/lamaga\/?page_id=367"},"modified":"2025-09-22T20:47:00","modified_gmt":"2025-09-22T18:47:00","slug":"kontakt","status":"publish","type":"page","link":"https:\/\/sandra-bloh.de\/lamaga\/kontakt\/","title":{"rendered":"Kontakt"},"content":{"rendered":"<p><div class=\"fusion-fullwidth fullwidth-box fusion-builder-row-1 fusion-flex-container has-pattern-background has-mask-background faded-background fusion-parallax-fixed hundred-percent-fullwidth non-hundred-percent-height-scrolling\" style=\"--awb-border-radius-top-left:0px;--awb-border-radius-top-right:0px;--awb-border-radius-bottom-right:0px;--awb-border-radius-bottom-left:0px;--awb-padding-top:100px;--awb-padding-right:0px;--awb-padding-bottom:100px;--awb-padding-left:0px;--awb-margin-top:0px;--awb-margin-bottom:0px;--awb-background-image-medium:url(&#039;https:\/\/sandra-bloh.de\/lamaga\/wp-content\/uploads\/2025\/09\/Tablet_Impressum.webp&#039;);--awb-background-image-small:url(&#039;https:\/\/sandra-bloh.de\/lamaga\/wp-content\/uploads\/2025\/09\/Mobil_Impressum.webp&#039;);--awb-background-size:contain;--awb-background-size-medium:contain;--awb-background-size-small:contain;--awb-flex-wrap:wrap;background-attachment:fixed;\" ><div class=\"fullwidth-faded\" style=\"--awb-background-color:rgba(0,0,0,0.5);--awb-background-parallax:fixed;--awb-background-image:url(https:\/\/sandra-bloh.de\/lamaga\/wp-content\/uploads\/2025\/09\/Screen_Impressum.webp);--awb-background-image-medium:url(&#039;https:\/\/sandra-bloh.de\/lamaga\/wp-content\/uploads\/2025\/09\/Tablet_Impressum.webp&#039;);--awb-background-image-small:url(&#039;https:\/\/sandra-bloh.de\/lamaga\/wp-content\/uploads\/2025\/09\/Mobil_Impressum.webp&#039;);--awb-background-size:contain;--awb-background-size-medium:contain;--awb-background-size-small:contain;\" ><\/div><div class=\"fusion-builder-row fusion-row fusion-flex-align-items-flex-start fusion-flex-align-content-center fusion-flex-content-wrap\" style=\"width:104% !important;max-width:104% !important;margin-left: calc(-4% \/ 2 );margin-right: calc(-4% \/ 2 );\"><\/div><\/div><div class=\"fusion-fullwidth fullwidth-box fusion-builder-row-2 fusion-flex-container nonhundred-percent-fullwidth non-hundred-percent-height-scrolling\" style=\"--awb-border-radius-top-left:0px;--awb-border-radius-top-right:0px;--awb-border-radius-bottom-right:0px;--awb-border-radius-bottom-left:0px;--awb-margin-top:0px;--awb-margin-bottom:0px;--awb-background-color:rgba(0,0,0,0.5);--awb-flex-wrap:wrap;\" ><div class=\"fusion-builder-row fusion-row fusion-flex-align-items-flex-start fusion-flex-content-wrap\" style=\"max-width:1144px;margin-left: calc(-4% \/ 2 );margin-right: calc(-4% \/ 2 );\"><div class=\"fusion-layout-column fusion_builder_column fusion-builder-column-0 fusion_builder_column_1_1 1_1 fusion-flex-column\" style=\"--awb-bg-size:cover;--awb-width-large:100%;--awb-margin-top-large:0px;--awb-spacing-right-large:1.92%;--awb-margin-bottom-large:20px;--awb-spacing-left-large:1.92%;--awb-width-medium:100%;--awb-spacing-right-medium:1.92%;--awb-spacing-left-medium:1.92%;--awb-width-small:100%;--awb-spacing-right-small:1.92%;--awb-spacing-left-small:1.92%;\"><div class=\"fusion-column-wrapper fusion-column-has-shadow fusion-flex-justify-content-flex-start fusion-content-layout-column\"><\/div><\/div><div class=\"fusion-layout-column fusion_builder_column fusion-builder-column-1 fusion_builder_column_1_1 1_1 fusion-flex-column\" style=\"--awb-bg-size:cover;--awb-width-large:100%;--awb-margin-top-large:0px;--awb-spacing-right-large:1.92%;--awb-margin-bottom-large:20px;--awb-spacing-left-large:1.92%;--awb-width-medium:100%;--awb-spacing-right-medium:1.92%;--awb-spacing-left-medium:1.92%;--awb-width-small:100%;--awb-spacing-right-small:1.92%;--awb-spacing-left-small:1.92%;\"><div class=\"fusion-column-wrapper fusion-column-has-shadow fusion-flex-justify-content-flex-start fusion-content-layout-column\"><div class=\"fusion-text fusion-text-1\" style=\"--awb-text-transform:none;\"><p><span style=\"color: #b29c3a;\">c\/o PR | Text | Schreiben<\/span><br \/>\n<span style=\"color: #b29c3a;\">Sandra Bloh M.A.<\/span><br \/>\n<span style=\"color: #b29c3a;\">S\u00fcderichstra\u00dfe 8<\/span><br \/>\n<span style=\"color: #b29c3a;\">D-45141 Essen<\/span><\/p>\n<p><a href=\"mailto:lamaga@lamaga.de\">lamaga@lamaga.de<\/a><\/p>\n<p><em>Alle Texte auf dieser Webseite sind urheberrechtlich gesch\u00fctzt. Jegliche Vervielf\u00e4ltigung, Verbreitung oder \u00f6ffentliche Wiedergabe, auch auszugsweise, ist ohne ausdr\u00fcckliche schriftliche Zustimmung des Rechteinhabers untersagt.<\/em><\/p>\n<\/div><div class=\"fusion-title title fusion-title-1 fusion-sep-none fusion-title-text fusion-title-size-three\"><h3 class=\"fusion-title-heading title-heading-left\" style=\"margin:0;text-transform:uppercase;\">BILDQUELLEN \/ FONT<\/h3><\/div><div class=\"fusion-text fusion-text-2\"><p><em><strong>Font f\u00fcr die Titel: \u201eCarbon Blade\u201c von Ezkiel Hughes (<a href=\"https:\/\/www.dafont.com\/carbon-blade.font\">https:\/\/www.dafont.com\/carbon-blade.font<\/a>)<\/strong><\/em><\/p>\n<p><em><strong>Titelbild unter Verwendung eines Fotos von:<\/strong><\/em><\/p>\n<ul>\n<li><em><strong> Irga-igra\/ Shutterstock (<a href=\"https:\/\/www.shutterstock.com\/de\/g\/Irga-igra\">https:\/\/www.shutterstock.com\/de\/g\/Irga-igra)<\/a><\/strong><\/em><\/li>\n<\/ul>\n<p><em><strong>Cover der B\u00fccher mit Bildern von<\/strong><\/em><\/p>\n<ul>\n<li><em><strong>Teodor Lazarev\/ Shutterstock (<a href=\"https:\/\/www.shutterstock.com\/de\/g\/photogregorina\">https:\/\/www.shutterstock.com\/de\/g\/photogregorina<\/a>)<\/strong><\/em><\/li>\n<li><em><strong>qimono\/ Pixabay (<a href=\"https:\/\/pixabay.com\/de\/users\/qimono-1962238\/\">https:\/\/pixabay.com\/de\/users\/qimono-1962238\/<\/a>)<\/strong><\/em><\/li>\n<li><em><strong>chezbeate\/ Pixabay (<a href=\"https:\/\/pixabay.com\/de\/users\/chezbeate-1519166\/\">https:\/\/pixabay.com\/de\/users\/chezbeate-1519166\/<\/a>)<\/strong><\/em><\/li>\n<li><em><strong>Dewang Gupta\/ Unsplash (<a href=\"https:\/\/unsplash.com\/de\/@dewang\">https:\/\/unsplash.com\/de\/@dewang<\/a> ) <\/strong><\/em><\/li>\n<li><em><strong>Sanfoilio\/ Pixabay (<a href=\"https:\/\/pixabay.com\/de\/users\/sajfolio-466232\/\">https:\/\/pixabay.com\/de\/users\/sajfolio-466232\/)<\/a><\/strong><\/em><\/li>\n<li><em><strong>lmuzquiz\/ Unsplash (<a href=\"https:\/\/unsplash.com\/de\/@lmuzquiz\">https:\/\/unsplash.com\/de\/@lmuzquiz<\/a>) <\/strong><\/em><\/li>\n<li><strong><i>Publicdomainpictures<\/i><\/strong>\/ <em><strong>Pixabay (https:\/\/pixabay.com\/users\/publicdomainpictures-14\/) <\/strong><\/em><\/li>\n<\/ul>\n<p><em><strong>sowie etwas dilettantische Spielerei mit Leonardo AI (Hintergrundbild) und Dream AI (Buchcover) dort, wo es nicht anders zu l\u00f6sen war.<\/strong><\/em><\/p>\n<\/div><\/div><\/div><\/div><\/div><\/p>\n","protected":false},"excerpt":{"rendered":"","protected":false},"author":2,"featured_media":0,"parent":0,"menu_order":0,"comment_status":"closed","ping_status":"closed","template":"100-width.php","meta":{"footnotes":""},"class_list":["post-367","page","type-page","status-publish","hentry"],"acf":[],"_links":{"self":[{"href":"https:\/\/sandra-bloh.de\/lamaga\/wp-json\/wp\/v2\/pages\/367","targetHints":{"allow":["GET"]}}],"collection":[{"href":"https:\/\/sandra-bloh.de\/lamaga\/wp-json\/wp\/v2\/pages"}],"about":[{"href":"https:\/\/sandra-bloh.de\/lamaga\/wp-json\/wp\/v2\/types\/page"}],"author":[{"embeddable":true,"href":"https:\/\/sandra-bloh.de\/lamaga\/wp-json\/wp\/v2\/users\/2"}],"replies":[{"embeddable":true,"href":"https:\/\/sandra-bloh.de\/lamaga\/wp-json\/wp\/v2\/comments?post=367"}],"version-history":[{"count":39,"href":"https:\/\/sandra-bloh.de\/lamaga\/wp-json\/wp\/v2\/pages\/367\/revisions"}],"predecessor-version":[{"id":4524,"href":"https:\/\/sandra-bloh.de\/lamaga\/wp-json\/wp\/v2\/pages\/367\/revisions\/4524"}],"wp:attachment":[{"href":"https:\/\/sandra-bloh.de\/lamaga\/wp-json\/wp\/v2\/media?parent=367"}],"curies":[{"name":"wp","href":"https:\/\/api.w.org\/{rel}","templated":true}]}}