{"id":3567,"date":"2025-08-30T17:35:10","date_gmt":"2025-08-30T15:35:10","guid":{"rendered":"https:\/\/sandra-bloh.de\/lamaga\/?page_id=3567"},"modified":"2025-10-26T21:59:02","modified_gmt":"2025-10-26T20:59:02","slug":"3567-2","status":"publish","type":"page","link":"https:\/\/sandra-bloh.de\/lamaga\/3567-2\/","title":{"rendered":"Warum ein Webroman?"},"content":{"rendered":"<div class=\"fusion-fullwidth fullwidth-box fusion-builder-row-1 fusion-flex-container has-pattern-background has-mask-background faded-background fusion-parallax-fixed hundred-percent-fullwidth non-hundred-percent-height-scrolling fusion-absolute-container fusion-absolute-position-small fusion-absolute-position-medium fusion-absolute-position-large\" style=\"--awb-border-radius-top-left:0px;--awb-border-radius-top-right:0px;--awb-border-radius-bottom-right:0px;--awb-border-radius-bottom-left:0px;--awb-padding-top:100px;--awb-padding-right:0px;--awb-padding-bottom:100px;--awb-padding-left:0px;--awb-margin-top:0px;--awb-margin-bottom:0px;--awb-background-image-medium:url(&#039;https:\/\/sandra-bloh.de\/lamaga\/wp-content\/uploads\/2025\/09\/Tablet_Warum_Webroman.webp&#039;);--awb-background-image-small:url(&#039;https:\/\/sandra-bloh.de\/lamaga\/wp-content\/uploads\/2025\/09\/Mobil_Warum_Webroman.webp&#039;);--awb-background-size:contain;--awb-background-size-medium:contain;--awb-background-size-small:contain;--awb-flex-wrap:wrap;background-attachment:fixed;\" ><div class=\"fullwidth-faded\" style=\"--awb-background-color:rgba(0,0,0,0.5);--awb-background-parallax:fixed;--awb-background-image:url(https:\/\/sandra-bloh.de\/lamaga\/wp-content\/uploads\/2025\/09\/Screen_Warum_Webroman.webp);--awb-background-image-medium:url(&#039;https:\/\/sandra-bloh.de\/lamaga\/wp-content\/uploads\/2025\/09\/Tablet_Warum_Webroman.webp&#039;);--awb-background-image-small:url(&#039;https:\/\/sandra-bloh.de\/lamaga\/wp-content\/uploads\/2025\/09\/Mobil_Warum_Webroman.webp&#039;);--awb-background-size:contain;--awb-background-size-medium:contain;--awb-background-size-small:contain;\" ><\/div><div class=\"fusion-builder-row fusion-row fusion-flex-align-items-flex-start fusion-flex-align-content-center fusion-flex-content-wrap\" style=\"width:104% !important;max-width:104% !important;margin-left: calc(-4% \/ 2 );margin-right: calc(-4% \/ 2 );\"><\/div><\/div><div class=\"fusion-fullwidth fullwidth-box fusion-builder-row-2 fusion-flex-container has-pattern-background has-mask-background hundred-percent-fullwidth non-hundred-percent-height-scrolling fusion-no-small-visibility\" style=\"--awb-border-radius-top-left:0px;--awb-border-radius-top-right:0px;--awb-border-radius-bottom-right:0px;--awb-border-radius-bottom-left:0px;--awb-margin-top:0px;--awb-margin-bottom:0px;--awb-background-color:rgba(0,0,0,0.5);--awb-flex-wrap:wrap;\" ><div class=\"fusion-builder-row fusion-row fusion-flex-align-items-flex-start fusion-flex-content-wrap\" style=\"width:104% !important;max-width:104% !important;margin-left: calc(-4% \/ 2 );margin-right: calc(-4% \/ 2 );\"><div class=\"fusion-layout-column fusion_builder_column fusion-builder-column-0 fusion_builder_column_1_1 1_1 fusion-flex-column\" style=\"--awb-bg-color:rgba(0,0,0,0.5);--awb-bg-color-hover:rgba(0,0,0,0.5);--awb-bg-size:cover;--awb-width-large:100%;--awb-margin-top-large:0px;--awb-spacing-right-large:1.92%;--awb-margin-bottom-large:20px;--awb-spacing-left-large:1.92%;--awb-width-medium:100%;--awb-order-medium:0;--awb-spacing-right-medium:1.92%;--awb-spacing-left-medium:1.92%;--awb-width-small:100%;--awb-order-small:0;--awb-spacing-right-small:1.92%;--awb-spacing-left-small:1.92%;\" data-scroll-devices=\"small-visibility,medium-visibility,large-visibility\"><div class=\"fusion-column-wrapper fusion-column-has-shadow fusion-flex-justify-content-flex-start fusion-content-layout-column\"><div class=\"fusion-separator fusion-full-width-sep\" style=\"align-self: center;margin-left: auto;margin-right: auto;width:100%;\"><div class=\"fusion-separator-border sep-double sep-solid\" style=\"--awb-height:20px;--awb-amount:20px;border-color:var(--awb-color3);border-top-width:1px;border-bottom-width:1px;\"><\/div><\/div><div class=\"fusion-text fusion-text-1\" style=\"--awb-margin-top:10px;\"><p><em><span style=\"color: #b29c3a;\">Die \u201eSchattenherz-Chroniken\u201c sind mein Herzens- und Lebensprojekt mit Wurzeln in den sp\u00e4ten Achtzigerjahren. Im Laufe der Zeit habe ich mich mehr oder weniger intensiv mit meiner Fantasiewelt besch\u00e4ftigt \u2013 vollst\u00e4ndig verlassen habe ich sie nie. Schreiben ist f\u00fcr mich eine unsch\u00e4tzbare Form von heilsamem Eskapismus und Kreativtherapie. Nun, in den Zweitausendzwanzigern, ist die Geschichte in ihrem Weltenbau und Charakterzeichnungen bereit, um in eine finale Fassung gebracht zu werden &#8211; als Pentalogie in Form eines Webromans.<\/span><\/em><\/p>\n<\/div><div class=\"fusion-separator fusion-full-width-sep\" style=\"align-self: center;margin-left: auto;margin-right: auto;width:100%;\"><div class=\"fusion-separator-border sep-double sep-solid\" style=\"--awb-height:20px;--awb-amount:20px;border-color:var(--awb-color3);border-top-width:1px;border-bottom-width:1px;\"><\/div><\/div><div class=\"fusion-text fusion-text-2 awb-text-cols fusion-text-columns-2\" style=\"--awb-text-transform:none;--awb-columns:2;--awb-column-spacing:2em;--awb-column-min-width:100px;--awb-margin-top:10px;\"><p>Mir wurde immer wieder gesagt, ich \u201esolle doch mal ein Buch ver\u00f6ffentlichen\u201c. Tats\u00e4chlich habe ich mich aus verschiedenen Gr\u00fcnden niemals ernsthaft mit dem Vorhaben auseinandergesetzt, die \u201eSchattenherz-Chroniken\u201c einem Verlag anzubieten. Das hat (ganz unabh\u00e4ngig von den ohnehin geringen Erfolgsaussichten) im Wesentlichen drei Gr\u00fcnde.<\/p>\n<h4><strong><span style=\"color: #b29c3a;\">Die Geschichte war noch nicht reif genug.<\/span> <\/strong><\/h4>\n<p>Mit wachsender Lebenserfahrung und neuen kreativen Impulsen und Horizonten waren die Schattenherz-Chroniken in einem st\u00e4ndigen Entwicklungsprozess. Sie sind gewachsen, haben sich ver\u00e4ndert und meiner Meinung nach deutlich verbessert. Es war mir wichtig, die Freiheit zu erhalten, bei Bedarf Verbesserungen, Korrekturen und Erg\u00e4nzungen vornehmen zu k\u00f6nnen. Ein (m\u00f6glicherweise) ver\u00f6ffentlichtes Buch w\u00e4re ausgelesen und zugeklappt \u2013 das w\u00e4re mir zu endg\u00fcltig, zu kurz gedacht gewesen.<\/p>\n<h4><span style=\"color: #b29c3a;\"><strong>Die Geschichte ist sehr pers\u00f6nlich.<\/strong><\/span><\/h4>\n<p>Mir ist bewusst, dass Verlage B\u00fccher f\u00fcr bestimmte Zielgruppen und nach \u00f6konomischen Faktoren vermarkten m\u00fcssen. Aber die \u201eSchattenherz-Chroniken\u201c sind stark mit meinem eigenen Selbst, meinen Erfahrungen und Inspirationen verkn\u00fcpfte Geschichten. Meine Welt ist f\u00fcr mich mein imagin\u00e4res Zuhause, die meisten Figuren repr\u00e4sentieren etwas oder jemanden, das oder der f\u00fcr mich eine Bedeutung hat. Es ist mir wichtig, die gr\u00f6\u00dftm\u00f6gliche Kontrolle \u00fcber das zu behalten, was ich geschrieben habe. \u00dcberspitzt gesagt: Ich m\u00f6chte keine von Marketing motivierten Eingriffe von au\u00dfen in meine Texte.<\/p>\n<h4><span style=\"color: #b29c3a;\"><strong>Die Geschichte ist zu umfangreich<\/strong><\/span><\/h4>\n<p>Ich habe die \u201eSchattenherz-Chroniken\u201c niemals nach einem Konzept geplottet, das auf eine Printver\u00f6ffentlichung mit Standard-Seitenzahl abzielt. Ich wollte nur eines: erz\u00e4hlen und die Geschichten organisch wachsen lassen. Doch meine Charaktere neigen dazu, ein Eigenleben zu entwickeln. Ich lasse sie laufen, und solange sie sich nicht zu weit vom Plot-Skelett entfernen, funktioniert das erstaunlich gut. Diese Methode ist allerdings ungeeignet, um am Ende einen Text mit einer bestimmten Ziell\u00e4nge zu erhalten. Selbst im Eigenverlag als physisches Buch ver\u00f6ffentlicht, w\u00e4ren die Geschichten buchst\u00e4blich \u201eunhandlich\u201c. Kurz gesagt: Die \u201eSchattenherz-Chroniken\u201c sind nicht dazu geeignet, gedruckt zu werden.<\/p>\n<p>Dennoch schreibe ich die Geschichte nat\u00fcrlich nicht f\u00fcr die eigene Schublade. Erst dadurch, dass sie gelesen werden, erwachen die Welt und die Charaktere zum Leben. Was also tun?<\/p>\n<h4><span style=\"color: #b29c3a;\">Moderne Medien<\/span><\/h4>\n<p>Um die Jahrtausendwende kam \u2026 das Internet! Und mit dem World Wide Web und neuen Technologien haben die \u201eSchattenherz-Chroniken\u201c nun endlich ihr Medium und ihre Form gefunden: den Webroman. Die Online-Ver\u00f6ffentlichung ist gleich in mehrerlei Hinsicht ideal:<\/p>\n<ul>\n<li><span style=\"color: #b29c3a;\"><strong>Kapitelweise<\/strong><\/span>: Die Geschichte erscheint so, wie ich sie schreibe: Episodenweise, in regelm\u00e4\u00dfigen Abst\u00e4nden. In kleinen Portionen, \u00fcbersichtlich und geordnet.<\/li>\n<li><span style=\"color: #b29c3a;\"><strong>Ger\u00e4teunabh\u00e4ngig<\/strong><\/span>: Ob am PC, Tablet oder sogar am Smartphone \u2013 der Zugriff auf die \u201eSchattenherz-Chroniken\u201c ist \u00fcberall dort m\u00f6glich, wo es Internet gibt. (Sollte ernsthafte Nachfrage an *.epub oder *.mobi-Downloads f\u00fcr E-Book-Reader bestehen \u2013 daf\u00fcr bin ich offen!)<\/li>\n<li><span style=\"color: #b29c3a;\"><strong>Flexibel<\/strong><\/span>: Vielschreiber kennen das \u2013 nach der Ver\u00f6ffentlichung springen einem garantiert \u00fcbersehene Tippfehler ins Auge. Der Webroman gibt mir die M\u00f6glichkeit, derartige Kleinkorrekturen diskret nachtr\u00e4glich vorzunehmen. Das ist ein wirklich unsch\u00e4tzbarer Vorteil gegen\u00fcber dem Druck.<\/li>\n<\/ul>\n<p>Ich wei\u00df, ich wei\u00df \u2013 einem Webroman fehlt das haptische Erlebnis des gedruckten Buches. Die Alternative f\u00fcr die \u201eSchattenherz-Chroniken\u201c w\u00e4re allerdings, ungelesen in der Schublade in Vergessenheit zu geraten. Und das w\u00e4re nun wirklich schade.<\/p><\/p>\n<\/div><\/div><\/div><\/div><\/div><div class=\"fusion-fullwidth fullwidth-box fusion-builder-row-3 fusion-flex-container has-pattern-background has-mask-background hundred-percent-fullwidth non-hundred-percent-height-scrolling fusion-no-medium-visibility fusion-no-large-visibility\" style=\"--awb-border-radius-top-left:0px;--awb-border-radius-top-right:0px;--awb-border-radius-bottom-right:0px;--awb-border-radius-bottom-left:0px;--awb-margin-top:0px;--awb-margin-bottom:0px;--awb-background-color:rgba(0,0,0,0.5);--awb-flex-wrap:wrap;\" ><div class=\"fusion-builder-row fusion-row fusion-flex-align-items-flex-start fusion-flex-content-wrap\" style=\"width:104% !important;max-width:104% !important;margin-left: calc(-4% \/ 2 );margin-right: calc(-4% \/ 2 );\"><div class=\"fusion-layout-column fusion_builder_column fusion-builder-column-1 fusion_builder_column_1_1 1_1 fusion-flex-column\" style=\"--awb-bg-color:rgba(0,0,0,0.5);--awb-bg-color-hover:rgba(0,0,0,0.5);--awb-bg-size:cover;--awb-width-large:100%;--awb-margin-top-large:0px;--awb-spacing-right-large:1.92%;--awb-margin-bottom-large:20px;--awb-spacing-left-large:1.92%;--awb-width-medium:100%;--awb-order-medium:0;--awb-spacing-right-medium:1.92%;--awb-spacing-left-medium:1.92%;--awb-width-small:100%;--awb-order-small:0;--awb-spacing-right-small:1.92%;--awb-spacing-left-small:1.92%;\" data-scroll-devices=\"small-visibility,medium-visibility,large-visibility\"><div class=\"fusion-column-wrapper fusion-column-has-shadow fusion-flex-justify-content-flex-start fusion-content-layout-column\"><div class=\"fusion-title title fusion-title-1 fusion-title-center fusion-title-text fusion-title-size-one\" style=\"--awb-margin-bottom:10px;\"><div class=\"title-sep-container title-sep-container-left\"><div class=\"title-sep sep-single sep-dashed\" style=\"border-color:var(--awb-color3);\"><\/div><\/div><span class=\"awb-title-spacer\"><\/span><h1 class=\"fusion-title-heading title-heading-center\" style=\"margin:0;\">Das passende Medium<\/h1><span class=\"awb-title-spacer\"><\/span><div class=\"title-sep-container title-sep-container-right\"><div class=\"title-sep sep-single sep-dashed\" style=\"border-color:var(--awb-color3);\"><\/div><\/div><\/div><div class=\"fusion-separator fusion-full-width-sep\" style=\"align-self: center;margin-left: auto;margin-right: auto;width:100%;\"><div class=\"fusion-separator-border sep-double sep-solid\" style=\"--awb-height:20px;--awb-amount:20px;border-color:var(--awb-color3);border-top-width:1px;border-bottom-width:1px;\"><\/div><\/div><div class=\"fusion-text fusion-text-3\" style=\"--awb-margin-top:10px;\"><p><em><span style=\"color: #b29c3a;\">Die \u201eSchattenherz-Chroniken\u201c sind mein Herzens- und Lebensprojekt mit Wurzeln in den sp\u00e4ten Achtzigerjahren. Im Laufe Zeit habe ich mich mehr oder weniger intensiv mit meiner Fantasiewelt besch\u00e4ftigt \u2013 vollst\u00e4ndig verlassen habe ich sie nie. Schreiben ist f\u00fcr mich eine unsch\u00e4tzbare Form von heilsamem Eskapismus und Kreativtherapie. Nun, in den Zweitausendzwanzigern, ist die Geschichte in ihrem Weltenbau und Charakterzeichnungen bereit, um in eine finale Fassung gebracht zu werden &#8211; als Pentalogie in Form eines Webromans.<\/span><\/em><\/p>\n<\/div><div class=\"fusion-separator fusion-full-width-sep\" style=\"align-self: center;margin-left: auto;margin-right: auto;width:100%;\"><div class=\"fusion-separator-border sep-double sep-solid\" style=\"--awb-height:20px;--awb-amount:20px;border-color:var(--awb-color3);border-top-width:1px;border-bottom-width:1px;\"><\/div><\/div><div class=\"fusion-text fusion-text-4\" style=\"--awb-text-transform:none;--awb-margin-top:10px;\"><p>Mir wurde immer wieder gesagt, ich \u201esolle doch mal ein Buch ver\u00f6ffentlichen\u201c. Tats\u00e4chlich habe ich mich aus verschiedenen Gr\u00fcnden niemals ernsthaft mit dem Vorhaben auseinandergesetzt, die \u201eSchattenherz-Chroniken\u201c einem Verlag anzubieten. Das hat (ganz unabh\u00e4ngig von den ohnehin geringen Erfolgsaussichten) im Wesentlichen drei Gr\u00fcnde.<\/p>\n<h4><strong><span style=\"color: #b29c3a;\">Die Geschichte war noch nicht reif genug.<\/span> <\/strong><\/h4>\n<p>Mit wachsender Lebenserfahrung und neuen kreativen Impulsen und Horizonten waren die Schattenherz-Chroniken in einem st\u00e4ndigen Entwicklungsprozess. Sie sind gewachsen, haben sich ver\u00e4ndert und meiner Meinung nach deutlich verbessert. Es war mir wichtig, die Freiheit zu erhalten, bei Bedarf Verbesserungen, Korrekturen und Erg\u00e4nzungen vornehmen zu k\u00f6nnen. Ein (m\u00f6glicherweise) ver\u00f6ffentlichtes Buch w\u00e4re ausgelesen und zugeklappt \u2013 das w\u00e4re mir zu endg\u00fcltig, zu kurz gedacht gewesen.<\/p>\n<h4><span style=\"color: #b29c3a;\"><strong>Die Geschichte ist sehr pers\u00f6nlich.<\/strong><\/span><\/h4>\n<p>Mir ist bewusst, dass Verlage B\u00fccher f\u00fcr bestimmte Zielgruppen und nach \u00f6konomischen Faktoren vermarkten m\u00fcssen. Aber die \u201eSchattenherz-Chroniken\u201c sind stark mit meinem eigenen Selbst, meinen Erfahrungen und Inspirationen verkn\u00fcpfte Geschichten. Meine Welt ist f\u00fcr mich mein imagin\u00e4res Zuhause, die meisten Figuren repr\u00e4sentieren etwas oder jemanden, das oder der f\u00fcr mich eine Bedeutung hat. Es ist mir wichtig, die gr\u00f6\u00dftm\u00f6gliche Kontrolle \u00fcber das zu behalten, was ich geschrieben habe. \u00dcberspitzt gesagt: Ich m\u00f6chte keine von Marketing motivierten Eingriffe von au\u00dfen in meine Texte.<\/p>\n<h4><span style=\"color: #b29c3a;\"><strong>Die Geschichte ist zu umfangreich<\/strong><\/span><\/h4>\n<p>Ich habe die \u201eSchattenherz-Chroniken\u201c niemals nach einem Konzept geplottet, das auf eine Printver\u00f6ffentlichung mit Standard-Seitenzahl abzielt. Ich wollte nur eines: erz\u00e4hlen und die Geschichten organisch wachsen lassen. Doch meine Charaktere neigen dazu, ein Eigenleben zu entwickeln. Ich lasse sie laufen, und solange sie sich nicht zu weit vom Plot-Skelett entfernen, funktioniert das erstaunlich gut. Diese Methode ist allerdings ungeeignet, um am Ende einen Text mit einer bestimmten Ziell\u00e4nge zu erhalten. Selbst im Eigenverlag als physisches Buch ver\u00f6ffentlicht, w\u00e4ren die Geschichten buchst\u00e4blich \u201eunhandlich\u201c. Kurz gesagt: Die \u201eSchattenherz-Chroniken\u201c sind nicht dazu geeignet, gedruckt zu werden.<\/p>\n<p>Dennoch schreibe ich die Geschichte nat\u00fcrlich nicht f\u00fcr die eigene Schublade. Erst dadurch, dass sie gelesen werden, erwachen die Welt und die Charaktere zum Leben. Was also tun?<\/p>\n<h4><span style=\"color: #b29c3a;\">Moderne Medien<\/span><\/h4>\n<p>Um die Jahrtausendwende kam \u2026 das Internet! Und mit dem World Wide Web und neuen Technologien haben die \u201eSchattenherz-Chroniken\u201c nun endlich ihr Medium und ihre Form gefunden: den Webroman. Die Online-Ver\u00f6ffentlichung ist gleich in mehrerlei Hinsicht ideal:<\/p>\n<ul>\n<li><span style=\"color: #b29c3a;\"><strong>Kapitelweise<\/strong><\/span>: Die Geschichte erscheint so, wie ich sie schreibe: Episodenweise, in regelm\u00e4\u00dfigen Abst\u00e4nden. In kleinen Portionen, \u00fcbersichtlich und geordnet.<\/li>\n<li><span style=\"color: #b29c3a;\"><strong>Ger\u00e4teunabh\u00e4ngig<\/strong><\/span>: Ob am PC, Tablet oder sogar am Smartphone \u2013 der Zugriff auf die \u201eSchattenherz-Chroniken\u201c ist \u00fcberall dort m\u00f6glich, wo es Internet gibt. (Sollte ernsthafte Nachfrage an *.epub oder *.mobi-Downloads f\u00fcr E-Book-Reader bestehen \u2013 daf\u00fcr bin ich offen!)<\/li>\n<li><span style=\"color: #b29c3a;\"><strong>Flexibel<\/strong><\/span>: Vielschreiber kennen das \u2013 nach der Ver\u00f6ffentlichung springen einem garantiert \u00fcbersehene Tippfehler ins Auge. Der Webroman gibt mir die M\u00f6glichkeit, derartige Kleinkorrekturen diskret nachtr\u00e4glich vorzunehmen. Das ist ein wirklich unsch\u00e4tzbarer Vorteil gegen\u00fcber dem Druck.<\/li>\n<\/ul>\n<p>Ich wei\u00df, ich wei\u00df \u2013 einem Webroman fehlt das haptische Erlebnis des gedruckten Buches. Die Alternative f\u00fcr die \u201eSchattenherz-Chroniken\u201c w\u00e4re allerdings, ungelesen in der Schublade in Vergessenheit zu geraten. Und das w\u00e4re nun wirklich schade.<\/p>\n<p><!-- \/wp:post-content --><\/p>\n<\/div><\/div><\/div><\/div><\/div><!-- \/wp:freeform -->","protected":false},"excerpt":{"rendered":"","protected":false},"author":2,"featured_media":0,"parent":0,"menu_order":0,"comment_status":"closed","ping_status":"closed","template":"100-width.php","meta":{"footnotes":""},"class_list":["post-3567","page","type-page","status-publish","hentry"],"acf":[],"_links":{"self":[{"href":"https:\/\/sandra-bloh.de\/lamaga\/wp-json\/wp\/v2\/pages\/3567","targetHints":{"allow":["GET"]}}],"collection":[{"href":"https:\/\/sandra-bloh.de\/lamaga\/wp-json\/wp\/v2\/pages"}],"about":[{"href":"https:\/\/sandra-bloh.de\/lamaga\/wp-json\/wp\/v2\/types\/page"}],"author":[{"embeddable":true,"href":"https:\/\/sandra-bloh.de\/lamaga\/wp-json\/wp\/v2\/users\/2"}],"replies":[{"embeddable":true,"href":"https:\/\/sandra-bloh.de\/lamaga\/wp-json\/wp\/v2\/comments?post=3567"}],"version-history":[{"count":30,"href":"https:\/\/sandra-bloh.de\/lamaga\/wp-json\/wp\/v2\/pages\/3567\/revisions"}],"predecessor-version":[{"id":4570,"href":"https:\/\/sandra-bloh.de\/lamaga\/wp-json\/wp\/v2\/pages\/3567\/revisions\/4570"}],"wp:attachment":[{"href":"https:\/\/sandra-bloh.de\/lamaga\/wp-json\/wp\/v2\/media?parent=3567"}],"curies":[{"name":"wp","href":"https:\/\/api.w.org\/{rel}","templated":true}]}}