{"id":3545,"date":"2025-08-30T12:56:31","date_gmt":"2025-08-30T10:56:31","guid":{"rendered":"https:\/\/sandra-bloh.de\/lamaga\/?page_id=3545"},"modified":"2025-09-20T20:55:59","modified_gmt":"2025-09-20T18:55:59","slug":"magier","status":"publish","type":"page","link":"https:\/\/sandra-bloh.de\/lamaga\/magier\/","title":{"rendered":"Magier"},"content":{"rendered":"<div class=\"fusion-fullwidth fullwidth-box fusion-builder-row-1 fusion-flex-container has-pattern-background has-mask-background faded-background fusion-parallax-fixed hundred-percent-fullwidth non-hundred-percent-height-scrolling fusion-absolute-container fusion-absolute-position-small fusion-absolute-position-medium fusion-absolute-position-large\" style=\"--awb-border-radius-top-left:0px;--awb-border-radius-top-right:0px;--awb-border-radius-bottom-right:0px;--awb-border-radius-bottom-left:0px;--awb-padding-top:100px;--awb-padding-right:0px;--awb-padding-bottom:100px;--awb-padding-left:0px;--awb-margin-top:0px;--awb-margin-bottom:0px;--awb-background-image-medium:url(&#039;https:\/\/sandra-bloh.de\/lamaga\/wp-content\/uploads\/2025\/09\/Tablet_Magier.webp&#039;);--awb-background-image-small:url(&#039;https:\/\/sandra-bloh.de\/lamaga\/wp-content\/uploads\/2025\/09\/Mobil__Magier.webp&#039;);--awb-background-size:contain;--awb-background-size-small:contain;--awb-flex-wrap:wrap;background-attachment:fixed;\" ><div class=\"fullwidth-faded\" style=\"--awb-background-color:rgba(0,0,0,0.5);--awb-background-parallax:fixed;--awb-background-image:url(https:\/\/sandra-bloh.de\/lamaga\/wp-content\/uploads\/2025\/09\/Schreen_Magier.webp);--awb-background-image-medium:url(&#039;https:\/\/sandra-bloh.de\/lamaga\/wp-content\/uploads\/2025\/09\/Tablet_Magier.webp&#039;);--awb-background-image-small:url(&#039;https:\/\/sandra-bloh.de\/lamaga\/wp-content\/uploads\/2025\/09\/Mobil__Magier.webp&#039;);--awb-background-size:contain;--awb-background-size-small:contain;\" ><\/div><div class=\"fusion-builder-row fusion-row fusion-flex-align-items-flex-start fusion-flex-align-content-center fusion-flex-content-wrap\" style=\"width:104% !important;max-width:104% !important;margin-left: calc(-4% \/ 2 );margin-right: calc(-4% \/ 2 );\"><\/div><\/div><div class=\"fusion-fullwidth fullwidth-box fusion-builder-row-2 fusion-flex-container has-pattern-background has-mask-background nonhundred-percent-fullwidth non-hundred-percent-height-scrolling fusion-no-small-visibility\" style=\"--awb-border-radius-top-left:0px;--awb-border-radius-top-right:0px;--awb-border-radius-bottom-right:0px;--awb-border-radius-bottom-left:0px;--awb-background-color:rgba(0,0,0,0.5);--awb-flex-wrap:wrap;\" ><div class=\"fusion-builder-row fusion-row fusion-flex-align-items-flex-start fusion-flex-content-wrap\" style=\"max-width:1144px;margin-left: calc(-4% \/ 2 );margin-right: calc(-4% \/ 2 );\"><div class=\"fusion-layout-column fusion_builder_column fusion-builder-column-0 fusion_builder_column_1_1 1_1 fusion-flex-column\" style=\"--awb-bg-size:cover;--awb-width-large:100%;--awb-margin-top-large:0px;--awb-spacing-right-large:1.92%;--awb-margin-bottom-large:20px;--awb-spacing-left-large:1.92%;--awb-width-medium:100%;--awb-order-medium:0;--awb-spacing-right-medium:1.92%;--awb-spacing-left-medium:1.92%;--awb-width-small:100%;--awb-order-small:0;--awb-spacing-right-small:1.92%;--awb-spacing-left-small:1.92%;\"><div class=\"fusion-column-wrapper fusion-column-has-shadow fusion-flex-justify-content-flex-start fusion-content-layout-column\"><div class=\"fusion-text fusion-text-1\" style=\"--awb-line-height:1;\"><p style=\"padding-left: 40px;\"><span style=\"color: #b29c3a;\">\u201eSind die Regenbogenritter gute Magier?\u201c<\/span><\/p>\n<p style=\"padding-left: 40px;\"><span style=\"color: #b29c3a;\">\u201eDu glaubst immer noch, man k\u00f6nne Magie in gut und B\u00f6se einteilen?\u201c<\/span><\/p>\n<p style=\"padding-left: 40px;\"><span style=\"color: #b29c3a;\">\u201eErkl\u00e4r mir das so, dass ich es verstehe.\u201c<\/span><\/p>\n<p style=\"padding-left: 40px;\"><span style=\"color: #b29c3a;\">\u201eSchattens\u00e4nger und Regenbogenritter stehen einander direkt gegen\u00fcber. Immer.&#8221;<\/span><\/p>\n<p style=\"padding-left: 40px;\"><span style=\"color: #b29c3a;\">\u201eSind sie eure Feinde?&#8221;<\/span><\/p>\n<p style=\"padding-left: 40px;\"><span style=\"color: #b29c3a;\">\u201eUnser Gegensatz.\u201c<\/span><\/p>\n<p style=\"text-align: right;\"><span style=\"color: #b29c3a;\">aus &#8220;Schattenherz&#8221;<\/span><\/p>\n<\/div><div class=\"fusion-separator fusion-full-width-sep\" style=\"align-self: center;margin-left: auto;margin-right: auto;width:100%;\"><div class=\"fusion-separator-border sep-double sep-solid\" style=\"--awb-height:20px;--awb-amount:20px;border-color:var(--awb-color3);border-top-width:1px;border-bottom-width:1px;\"><\/div><\/div><div class=\"fusion-text fusion-text-2\"><p>Im Weltenspiel sind drei unterschiedliche Arten von Magiern vertreten, die voneinander abweichende Eigenheiten, F\u00e4higkeiten und Aufgaben haben. Hier gibt es zur schnellen Orientierung die wichtigsten &#8220;Eckdaten&#8221;.<\/p>\n<\/div><div class=\"fusion-separator fusion-full-width-sep\" style=\"align-self: center;margin-left: auto;margin-right: auto;width:100%;\"><div class=\"fusion-separator-border sep-double sep-solid\" style=\"--awb-height:20px;--awb-amount:20px;border-color:var(--awb-color3);border-top-width:1px;border-bottom-width:1px;\"><\/div><\/div><div class=\"fusion-text fusion-text-3 awb-text-cols fusion-text-columns-2\" style=\"--awb-text-transform:none;--awb-columns:2;--awb-column-spacing:2em;--awb-column-min-width:100px;--awb-margin-top:10px;\"><h4><span style=\"color: #ffffff;\">Schattens\u00e4nger &#8211; die Diener der Dunkelheit<\/span><\/h4>\n<p>Nokt\u00e1mas Schattens\u00e4nger (oder in der In-world-Sprache: <em>camat\u2019ay<\/em>) werden mit magischen F\u00e4higkeiten geboren. Es ist Aufgabe von <em>camat\u2019ay<\/em>-Meistern, entsprechende Kinder rechtzeitig zu finden und zur weiteren Ausbildung in den Eta\u00edmalon (das Heiligtum der Dunkelheit) zu entf\u00fchren. Das ist aus moralischer Perspektive fragw\u00fcrdig, aber aus Sicht der Schattens\u00e4nger notwendig, um &#8220;unkontrollierter Magie&#8221; entgegenzuwirken. Aufgrund einer bei der Initiation rituell herbeigef\u00fchrten Amnesie kann kein <em>camat&#8217;ay <\/em>sich an seine leibliche Familie und Herkunft erinnern.<\/p>\n<p>Schattens\u00e4nger leben in einer Gemeinschaft aus Meistern und Meisterinnen mit zugeh\u00f6rigen Sch\u00fclern unter F\u00fchrung eines\/ einer Gro\u00dfmeister\/in im Wald Boscarg\u00e9n nahe der S\u00fcdseite des Montaz\u00edel. Sie bewohnen einfache H\u00e4user, die um den Eta\u00edmalon \u00fcber den Wald verteilt stehen. Gelegentlich verlassen die &#8220;Schwarzgewandeten&#8221; den Boscarg\u00e9n, um sich diskret unter den Menschen umzuschauen.<\/p>\n<p><span style=\"color: #b29c3a;\"><em>Individuelle magische Skills:<\/em><\/span> Verwandlungen in verschiedene Tiere, Gedankenh\u00f6ren, Schattenw\u00fcrfe als Portale nutzen, Beschw\u00f6ren von Pflanzen oder Wasser.<\/p>\n<p><em><span style=\"color: #b29c3a;\">Individuelle Schw\u00e4chen<\/span>:<\/em> K\u00f6rperliche Schmerzen\/ Schw\u00e4chung\/ Magieblockade bei Kontakt mit Gold, potenzielle Gef\u00e4hrdung des Verstandes jeweils gegengeschlechtlicher Nichtmagier durch pure Anwesenheit.<\/p>\n<h4><span style=\"color: #f2f3f5;\">Regenbogenritter &#8211; Kampf mit Farben und Feuer<\/span><\/h4>\n<p>Patagh\u00edu setzt dagegen auf die Kr\u00e4fte nichtmenschlicher Wesenheiten. Wann und warum er die urspr\u00fcnglich f\u00fcnf <em>faj\u00eda\u00e9<\/em> (menschenartige Feenwesen) erschaffen oder herbeigeholt hat, ist nicht bekannt. Nach ihrem Verst\u00e4ndnis waren sie &#8220;schon immer da&#8221;, sie sind zeit- und alterslos. Ob sie sterblich sind, ist nicht ganz klar. Niemand wei\u00df, ob sie eine begrenzte nat\u00fcrliche Lebensspanne haben, allerdings k\u00f6nnen sie durch Magie get\u00f6tet werden. Patagh\u00edu sch\u00e4tzt, anders als Nokt\u00e1ma, nicht st\u00e4ndige Erneuerung, sondern gr\u00f6\u00dftm\u00f6gliche Best\u00e4ndigkeit. Die <em>faj\u00eda\u00e9<\/em> haben die F\u00e4higkeit, einen Teil ihrer Magie aufzuf\u00e4chern und in Gestalt von jeweils sieben Regenbogenrittern zu manifestieren. Diese <em>arcaval\u2019ay<\/em> sind autonom denkende und agierende Personen mit eigenen Pers\u00f6nlichkeiten. Jede <em>faj\u00eda<\/em> hat somit sieben \u201eAbk\u00f6mmlinge\u201c um sich, solange sie lebt. Auch die Regenbogenritter haben magische Kr\u00e4fte, wenn auch nicht so gro\u00dfe Macht wie die <em>faj\u00eda<\/em> selber.<\/p>\n<p>Die <em>faj\u00eda\u00e9<\/em> und ihre Ritter leben unweit der Gro\u00dfstadt Aur\u00f3p\u00e9a im Ciel\u00e1stel, einer gl\u00e4sernen Burg am Rand der W\u00fcste. Darin befindet sich Patagh\u00edus Halle, das Heiligtum des Hellen Tages.<\/p>\n<p><em><span style=\"color: #b29c3a;\">Individuelle magische Skills<\/span>:<\/em> \u00dcbernat\u00fcrliche Kampfkraft, Bannen von Chaosgeistern, Beschw\u00f6ren von Feuer und Farben, Willenskontrolle \u00fcber Menschen und die Flugeinh\u00f6rner als Reittier.<\/p>\n<p><em><span style=\"color: #b29c3a;\">Individuelle Schw\u00e4chen<\/span>:<\/em> Magieblockade durch Wasser, Kraft- und Magiereserven abh\u00e4ngig von denen der zugeh\u00f6rigen <em>faj\u00eda<\/em>.<\/p>\n<h4>Lichtw\u00e4chter &#8211; zwischen Tod und Traum<\/h4>\n<p>Das \u201eLicht\u201c ist die unergr\u00fcndliche, am wenigsten greifbare der M\u00e4chte. Inwieweit es Magie bewusst oder planvoll verteilt, ist nicht bekannt. Sicher ist, dass seine Magier, die Lichtw\u00e4chter (<em>goala\u2019ay <\/em>oder Rotgewandete) ihre Sch\u00fcler selbst ausw\u00e4hlen und diese Magie erhalten, sofern das Licht ihrer Wahl zustimmt. <em>Goala\u2019ay<\/em>-Meister und Meisterinnen nehmen sich intuitiv einer einzigen j\u00fcngeren Person an, in der sie ein entsprechendes Potenzial erkennen.<\/p>\n<p>Das Licht hat kein eigenes Heiligtum und g<em>oala\u2019ay<\/em> somit keinen festen Platz. Rotgewandete wandern in Meister-Sch\u00fcler-Konstellationen umher und begegnen nur sporadisch ihresgleichen.<\/p>\n<p><span style=\"color: #b29c3a;\"><em>Individuelle magische Skills:<\/em><\/span> Zugang zu &#8220;Zwischenr\u00e4umen&#8221; abseits der Realit\u00e4t, Manipulation von Materie, nahezu hellseherische Empathie.<\/p>\n<p><span style=\"color: #b29c3a;\"><em>Individuelle Schw\u00e4chen:<\/em><\/span> Betreten von Geb\u00e4uden nur mit Erlaubnis\/ Kenntnis oder in Begleitung.<\/p>\n<h4>Magier untereinander &#8211; ein heikles Thema<\/h4>\n<p>Das Verh\u00e4ltnis der Magierfraktionen zueinander ist nicht unproblematisch. W\u00e4hrend in alten Zeiten alle drei Gruppen untereinander und mit den Menschen interagierten, zerr\u00fctteten die vom Widerwesen angestifteten &#8220;magischen Kriege&#8221; die Harmonie. Da an dieser Stelle nicht gespoilert werden soll, sei nur erw\u00e4hnt, dass die Vernichtung der Schattens\u00e4nger erkl\u00e4rtes Ziel der Lichtw\u00e4chter wurde, ohne dass die Regenbogenritter eingegriffen h\u00e4tten. Jede Partei hat also Gr\u00fcnde f\u00fcr gewisse Vorbehalte den jeweils anderen gegen\u00fcber.<\/p>\n<\/div><\/div><\/div><\/div><\/div><div class=\"fusion-fullwidth fullwidth-box fusion-builder-row-3 fusion-flex-container has-pattern-background has-mask-background nonhundred-percent-fullwidth non-hundred-percent-height-scrolling fusion-no-medium-visibility fusion-no-large-visibility\" style=\"--awb-border-radius-top-left:0px;--awb-border-radius-top-right:0px;--awb-border-radius-bottom-right:0px;--awb-border-radius-bottom-left:0px;--awb-background-color:rgba(0,0,0,0.5);--awb-flex-wrap:wrap;\" ><div class=\"fusion-builder-row fusion-row fusion-flex-align-items-flex-start fusion-flex-content-wrap\" style=\"max-width:1144px;margin-left: calc(-4% \/ 2 );margin-right: calc(-4% \/ 2 );\"><div class=\"fusion-layout-column fusion_builder_column fusion-builder-column-1 fusion_builder_column_1_1 1_1 fusion-flex-column\" style=\"--awb-bg-size:cover;--awb-width-large:100%;--awb-margin-top-large:0px;--awb-spacing-right-large:1.92%;--awb-margin-bottom-large:20px;--awb-spacing-left-large:1.92%;--awb-width-medium:100%;--awb-order-medium:0;--awb-spacing-right-medium:1.92%;--awb-spacing-left-medium:1.92%;--awb-width-small:100%;--awb-order-small:0;--awb-spacing-right-small:1.92%;--awb-spacing-left-small:1.92%;\"><div class=\"fusion-column-wrapper fusion-column-has-shadow fusion-flex-justify-content-flex-start fusion-content-layout-column\"><div class=\"fusion-text fusion-text-4\" style=\"--awb-line-height:1;\"><p style=\"padding-left: 40px;\"><span style=\"color: #b29c3a;\">\u201eSind die Regenbogenritter gute Magier?\u201c<\/span><\/p>\n<p style=\"padding-left: 40px;\"><span style=\"color: #b29c3a;\">\u201eDu glaubst immer noch, man k\u00f6nne Magie in gut und B\u00f6se einteilen?\u201c<\/span><\/p>\n<p style=\"padding-left: 40px;\"><span style=\"color: #b29c3a;\">\u201eErkl\u00e4r mir das so, dass ich es verstehe.\u201c<\/span><\/p>\n<p style=\"padding-left: 40px;\"><span style=\"color: #b29c3a;\">\u201eSchattens\u00e4nger und Regenbogenritter stehen einander direkt gegen\u00fcber. Immer.&#8221;<\/span><\/p>\n<p style=\"padding-left: 40px;\"><span style=\"color: #b29c3a;\">\u201eSind sie eure Feinde?&#8221;<\/span><\/p>\n<p style=\"padding-left: 40px;\"><span style=\"color: #b29c3a;\">\u201eUnser Gegensatz.\u201c<\/span><\/p>\n<p style=\"text-align: right;\"><span style=\"color: #b29c3a;\">aus &#8220;Schattenherz&#8221;<\/span><\/p>\n<\/div><div class=\"fusion-separator fusion-full-width-sep\" style=\"align-self: center;margin-left: auto;margin-right: auto;width:100%;\"><div class=\"fusion-separator-border sep-double sep-solid\" style=\"--awb-height:20px;--awb-amount:20px;border-color:var(--awb-color3);border-top-width:1px;border-bottom-width:1px;\"><\/div><\/div><div class=\"fusion-text fusion-text-5\"><p>Im Weltenspiel sind drei unterschiedliche Arten von Magiern vertreten, die voneinander abweichende Eigenheiten, F\u00e4higkeiten und Aufgaben haben. Hier gibt es zur schnellen Orientierung die wichtigsten &#8220;Eckdaten&#8221;.<\/p>\n<\/div><div class=\"fusion-separator fusion-full-width-sep\" style=\"align-self: center;margin-left: auto;margin-right: auto;width:100%;\"><div class=\"fusion-separator-border sep-double sep-solid\" style=\"--awb-height:20px;--awb-amount:20px;border-color:var(--awb-color3);border-top-width:1px;border-bottom-width:1px;\"><\/div><\/div><div class=\"fusion-text fusion-text-6\" style=\"--awb-text-transform:none;--awb-margin-top:10px;\"><h4>Schattens\u00e4nger &#8211; die Diener der Dunkelheit<\/h4>\n<p>Nokt\u00e1mas Schattens\u00e4nger (oder in der In-world-Sprache: <em>camat\u2019ay<\/em>) werden mit magischen F\u00e4higkeiten geboren. Es ist Aufgabe von <em>camat\u2019ay<\/em>-Meistern, entsprechende Kinder rechtzeitig zu finden und zur weiteren Ausbildung in den Eta\u00edmalon (das Heiligtum der Dunkelheit) zu entf\u00fchren. Das ist aus moralischer Perspektive fragw\u00fcrdig, aber aus Sicht der Schattens\u00e4nger notwendig, um &#8220;unkontrollierter Magie&#8221; entgegenzuwirken. Aufgrund einer bei der Initiation rituell herbeigef\u00fchrten Amnesie kann kein <em>camat&#8217;ay <\/em>sich an seine leibliche Familie und Herkunft erinnern.<\/p>\n<p>Schattens\u00e4nger leben in einer Gemeinschaft aus Meistern und Meisterinnen mit zugeh\u00f6rigen Sch\u00fclern unter F\u00fchrung eines\/ einer Gro\u00dfmeister\/in im Wald Boscarg\u00e9n nahe der S\u00fcdseite des Montaz\u00edel. Sie bewohnen einfache H\u00e4user, die um den Eta\u00edmalon \u00fcber den Wald verteilt stehen. Gelegentlich verlassen die &#8220;Schwarzgewandeten&#8221; den Boscarg\u00e9n, um sich diskret unter den Menschen umzuschauen.<\/p>\n<p><span style=\"color: #b29c3a;\"><em>Individuelle magische Skills:<\/em><\/span> Verwandlungen in verschiedene Tiere, Gedankenh\u00f6ren, Schattenw\u00fcrfe als Portale nutzen, Beschw\u00f6ren von Pflanzen oder Wasser.<\/p>\n<p><em><span style=\"color: #b29c3a;\">Individuelle Schw\u00e4chen<\/span>:<\/em> K\u00f6rperliche Schmerzen\/ Schw\u00e4chung\/ Magieblockade bei Kontakt mit Gold, potenzielle Gef\u00e4hrdung des Verstandes jeweils gegengeschlechtlicher Nichtmagier durch pure Anwesenheit.<\/p>\n<h4>Regenbogenritter &#8211; Kampf mit Farben und Feuer<\/h4>\n<p>Patagh\u00edu setzt dagegen auf die Kr\u00e4fte nichtmenschlicher Wesenheiten. Wann und warum er die urspr\u00fcnglich f\u00fcnf <em>faj\u00eda\u00e9<\/em> (menschenartige Feenwesen) erschaffen oder herbeigeholt hat, ist nicht bekannt. Nach ihrem Verst\u00e4ndnis waren sie &#8220;schon immer da&#8221;, sie sind zeit- und alterslos. Ob sie sterblich sind, ist nicht ganz klar. Niemand wei\u00df, ob sie eine begrenzte nat\u00fcrliche Lebensspanne haben, allerdings k\u00f6nnen sie durch Magie get\u00f6tet werden. Patagh\u00edu sch\u00e4tzt, anders als Nokt\u00e1ma, nicht st\u00e4ndige Erneuerung, sondern gr\u00f6\u00dftm\u00f6gliche Best\u00e4ndigkeit. Die <em>faj\u00eda\u00e9<\/em> haben die F\u00e4higkeit, einen Teil ihrer Magie aufzuf\u00e4chern und in Gestalt von jeweils sieben Regenbogenrittern zu manifestieren. Diese <em>arcaval\u2019ay<\/em> sind autonom denkende und agierende Personen mit eigenen Pers\u00f6nlichkeiten. Jede <em>faj\u00eda<\/em> hat somit sieben \u201eAbk\u00f6mmlinge\u201c um sich, solange sie lebt. Auch die Regenbogenritter haben magische Kr\u00e4fte, wenn auch nicht so gro\u00dfe Macht wie die <em>faj\u00eda<\/em> selber.<\/p>\n<p>Die <em>faj\u00eda\u00e9<\/em> und ihre Ritter leben unweit der Gro\u00dfstadt Aur\u00f3p\u00e9a im Ciel\u00e1stel, einer gl\u00e4sernen Burg am Rand der W\u00fcste. Darin befindet sich Patagh\u00edus Halle, das Heiligtum des Hellen Tages.<\/p>\n<p><span style=\"color: #b29c3a;\"><em>Individuelle magische Skills:<\/em><\/span> \u00dcbernat\u00fcrliche Kampfkraft, Bannen von Chaosgeistern, Beschw\u00f6ren von Feuer und Farben, Willenskontrolle \u00fcber Menschen und die Flugeinh\u00f6rner als Reittier.<\/p>\n<p><em><span style=\"color: #b29c3a;\">Individuelle Schw\u00e4che<\/span>n:<\/em> Magieblockade durch Wasser, Kraft- und Magiereserven abh\u00e4ngig von denen der zugeh\u00f6rigen <em>faj\u00eda<\/em>.<\/p>\n<h4>Lichtw\u00e4chter &#8211; zwischen Tod und Traum<\/h4>\n<p>Das \u201eLicht\u201c ist die unergr\u00fcndliche, am wenigsten greifbare der M\u00e4chte. Inwieweit es Magie bewusst oder planvoll verteilt, ist nicht bekannt. Sicher ist, dass seine Magier, die Lichtw\u00e4chter (<em>goala\u2019ay <\/em>oder Rotgewandete) ihre Sch\u00fcler selbst ausw\u00e4hlen und diese Magie erhalten, sofern das Licht ihrer Wahl zustimmt. <em>Goala\u2019ay<\/em>-Meister und Meisterinnen nehmen sich intuitiv einer einzigen j\u00fcngeren Person an, in der sie ein entsprechendes Potenzial erkennen.<\/p>\n<p>Das Licht hat kein eigenes Heiligtum und g<em>oala\u2019ay<\/em> somit keinen festen Platz. Rotgewandete wandern in Meister-Sch\u00fcler-Konstellationen umher und begegnen nur sporadisch ihresgleichen.<\/p>\n<p><span style=\"color: #b29c3a;\"><em>Individuelle magische Skills:<\/em><\/span> Zugang zu &#8220;Zwischenr\u00e4umen&#8221; abseits der Realit\u00e4t, Manipulation von Materie, nahezu hellseherische Empathie.<\/p>\n<p><span style=\"color: #b29c3a;\"><em>Individuelle Schw\u00e4chen:<\/em><\/span> Anwesenheit in Geb\u00e4uden nur mit Erlaubnis\/ Kenntnis oder in Begleitung.<\/p>\n<h4>Magier untereinander &#8211; ein heikles Thema<\/h4>\n<p>Das Verh\u00e4ltnis der Magierfraktionen zueinander ist nicht unproblematisch. W\u00e4hrend in alten Zeiten alle drei Gruppen untereinander und mit den Menschen interagierten, zerr\u00fctteten die vom Widerwesen angestifteten &#8220;magischen Kriege&#8221; die Harmonie. Da an dieser Stelle nicht gespoilert werden soll, sei nur erw\u00e4hnt, dass die Vernichtung der Schattens\u00e4nger erkl\u00e4rtes Ziel der Lichtw\u00e4chter wurde, ohne dass die Regenbogenritter eingegriffen h\u00e4tten. Jede Partei hat also Gr\u00fcnde f\u00fcr gewisse Vorbehalte den jeweils anderen gegen\u00fcber.<\/p>\n<p><!-- \/wp:post-content --><\/p>\n<\/div><\/div><\/div><\/div><\/div><!-- \/wp:freeform -->","protected":false},"excerpt":{"rendered":"","protected":false},"author":2,"featured_media":0,"parent":0,"menu_order":0,"comment_status":"closed","ping_status":"closed","template":"100-width.php","meta":{"footnotes":""},"class_list":["post-3545","page","type-page","status-publish","hentry"],"acf":[],"_links":{"self":[{"href":"https:\/\/sandra-bloh.de\/lamaga\/wp-json\/wp\/v2\/pages\/3545","targetHints":{"allow":["GET"]}}],"collection":[{"href":"https:\/\/sandra-bloh.de\/lamaga\/wp-json\/wp\/v2\/pages"}],"about":[{"href":"https:\/\/sandra-bloh.de\/lamaga\/wp-json\/wp\/v2\/types\/page"}],"author":[{"embeddable":true,"href":"https:\/\/sandra-bloh.de\/lamaga\/wp-json\/wp\/v2\/users\/2"}],"replies":[{"embeddable":true,"href":"https:\/\/sandra-bloh.de\/lamaga\/wp-json\/wp\/v2\/comments?post=3545"}],"version-history":[{"count":38,"href":"https:\/\/sandra-bloh.de\/lamaga\/wp-json\/wp\/v2\/pages\/3545\/revisions"}],"predecessor-version":[{"id":4453,"href":"https:\/\/sandra-bloh.de\/lamaga\/wp-json\/wp\/v2\/pages\/3545\/revisions\/4453"}],"wp:attachment":[{"href":"https:\/\/sandra-bloh.de\/lamaga\/wp-json\/wp\/v2\/media?parent=3545"}],"curies":[{"name":"wp","href":"https:\/\/api.w.org\/{rel}","templated":true}]}}