{"id":3058,"date":"2025-08-25T18:38:46","date_gmt":"2025-08-25T16:38:46","guid":{"rendered":"https:\/\/sandra-bloh.de\/lamaga\/?page_id=3058"},"modified":"2025-09-05T14:26:02","modified_gmt":"2025-09-05T12:26:02","slug":"gors-domaene","status":"publish","type":"page","link":"https:\/\/sandra-bloh.de\/lamaga\/gors-domaene\/","title":{"rendered":"Gors Dom\u00e4ne"},"content":{"rendered":"<p><div class=\"fusion-fullwidth fullwidth-box fusion-builder-row-1 fusion-flex-container has-pattern-background has-mask-background faded-background fusion-parallax-none hundred-percent-fullwidth non-hundred-percent-height-scrolling fusion-no-small-visibility\" style=\"--awb-background-position-medium:center center;--awb-background-position-small:center center;--awb-background-repeat-medium:no-repeat;--awb-background-repeat-small:no-repeat;--awb-border-radius-top-left:0px;--awb-border-radius-top-right:0px;--awb-border-radius-bottom-right:0px;--awb-border-radius-bottom-left:0px;--awb-padding-top:100px;--awb-padding-right:0px;--awb-padding-bottom:100px;--awb-padding-left:0px;--awb-margin-top:0px;--awb-margin-bottom:0px;--awb-background-image-medium:url(&#039;https:\/\/sandra-bloh.de\/lamaga\/wp-content\/uploads\/2025\/09\/Tabllet_Pianmurit.webp&#039;);--awb-background-image-small:url(&#039;https:\/\/sandra-bloh.de\/lamaga\/wp-content\/uploads\/2025\/09\/Phone_Pianmurit.webp&#039;);--awb-background-size:contain;--awb-background-size-medium:contain;--awb-background-size-small:contain;--awb-flex-wrap:wrap;--awb-flex-wrap-medium:wrap;\" ><div class=\"fullwidth-faded\" style=\"--awb-background-color:rgba(0,0,0,0.5);--awb-background-position-medium:center center;--awb-background-position-small:center center;--awb-background-repeat-medium:no-repeat;--awb-background-repeat-small:no-repeat;--awb-background-image:url(https:\/\/sandra-bloh.de\/lamaga\/wp-content\/uploads\/2025\/09\/Pianmurit.webp);--awb-background-image-medium:url(&#039;https:\/\/sandra-bloh.de\/lamaga\/wp-content\/uploads\/2025\/09\/Tabllet_Pianmurit.webp&#039;);--awb-background-image-small:url(&#039;https:\/\/sandra-bloh.de\/lamaga\/wp-content\/uploads\/2025\/09\/Phone_Pianmurit.webp&#039;);--awb-background-size:contain;--awb-background-size-medium:contain;--awb-background-size-small:contain;\" ><\/div><div class=\"fusion-builder-row fusion-row fusion-flex-align-items-flex-start fusion-flex-align-content-center fusion-flex-content-wrap\" style=\"width:104% !important;max-width:104% !important;margin-left: calc(-4% \/ 2 );margin-right: calc(-4% \/ 2 );\"><\/div><\/div><div class=\"fusion-fullwidth fullwidth-box fusion-builder-row-2 fusion-flex-container has-pattern-background has-mask-background hundred-percent-fullwidth non-hundred-percent-height-scrolling fusion-no-small-visibility\" style=\"--awb-border-radius-top-left:0px;--awb-border-radius-top-right:0px;--awb-border-radius-bottom-right:0px;--awb-border-radius-bottom-left:0px;--awb-background-color:rgba(0,0,0,0.5);--awb-flex-wrap:wrap;\" ><div class=\"fusion-builder-row fusion-row fusion-flex-align-items-flex-start fusion-flex-content-wrap\" style=\"width:104% !important;max-width:104% !important;margin-left: calc(-4% \/ 2 );margin-right: calc(-4% \/ 2 );\"><div class=\"fusion-layout-column fusion_builder_column fusion-builder-column-0 fusion_builder_column_1_2 1_2 fusion-flex-column fusion-no-small-visibility\" style=\"--awb-bg-size:cover;--awb-width-large:50%;--awb-margin-top-large:0px;--awb-spacing-right-large:3.84%;--awb-margin-bottom-large:20px;--awb-spacing-left-large:3.84%;--awb-width-medium:50%;--awb-order-medium:0;--awb-spacing-right-medium:3.84%;--awb-spacing-left-medium:3.84%;--awb-width-small:100%;--awb-order-small:0;--awb-spacing-right-small:1.92%;--awb-spacing-left-small:1.92%;\" data-scroll-devices=\"small-visibility,medium-visibility,large-visibility\"><div class=\"fusion-column-wrapper fusion-column-has-shadow fusion-flex-justify-content-flex-start fusion-content-layout-column\"><div class=\"fusion-image-element fusion-no-small-visibility\" style=\"--awb-caption-title-font-family:var(--h2_typography-font-family);--awb-caption-title-font-weight:var(--h2_typography-font-weight);--awb-caption-title-font-style:var(--h2_typography-font-style);--awb-caption-title-size:var(--h2_typography-font-size);--awb-caption-title-transform:var(--h2_typography-text-transform);--awb-caption-title-line-height:var(--h2_typography-line-height);--awb-caption-title-letter-spacing:var(--h2_typography-letter-spacing);\"><span class=\" fusion-imageframe imageframe-none imageframe-1 hover-type-none\"><img decoding=\"async\" width=\"512\" height=\"800\" title=\"Gorcover-impro\" src=\"https:\/\/sandra-bloh.de\/lamaga\/wp-content\/uploads\/2025\/09\/Gorcover-impro-1.webp\" alt class=\"img-responsive wp-image-4102\" srcset=\"https:\/\/sandra-bloh.de\/lamaga\/wp-content\/uploads\/2025\/09\/Gorcover-impro-1-192x300.webp 192w, https:\/\/sandra-bloh.de\/lamaga\/wp-content\/uploads\/2025\/09\/Gorcover-impro-1-200x313.webp 200w, https:\/\/sandra-bloh.de\/lamaga\/wp-content\/uploads\/2025\/09\/Gorcover-impro-1-400x625.webp 400w, https:\/\/sandra-bloh.de\/lamaga\/wp-content\/uploads\/2025\/09\/Gorcover-impro-1.webp 512w\" sizes=\"(max-width: 640px) 100vw, 512px\" \/><\/span><\/div><\/div><\/div><div class=\"fusion-layout-column fusion_builder_column fusion-builder-column-1 fusion_builder_column_1_2 1_2 fusion-flex-column\" style=\"--awb-bg-size:cover;--awb-width-large:50%;--awb-margin-top-large:0px;--awb-spacing-right-large:3.84%;--awb-margin-bottom-large:20px;--awb-spacing-left-large:3.84%;--awb-width-medium:50%;--awb-order-medium:0;--awb-spacing-right-medium:3.84%;--awb-spacing-left-medium:3.84%;--awb-width-small:100%;--awb-order-small:0;--awb-spacing-right-small:1.92%;--awb-spacing-left-small:1.92%;\"><div class=\"fusion-column-wrapper fusion-column-has-shadow fusion-flex-justify-content-flex-start fusion-content-layout-column\"><div class=\"fusion-text fusion-text-1\"><p>Eine Nebengeschichte zu &#8220;Schattenherz, oder: die erg\u00e4nzte Seele&#8221;, die einige (l\u00e4ngst nicht alle) Hintergrundinformationen \u00fcber den Magier Gor Lucegath offenbart. Lernt ihn besser kennen, f\u00fcrchten &#8211; und verstehen! Achtung: Spoiler und Bezugnahmen auf die &#8220;Schattenherz&#8221;-Haupthandlung.<\/p>\n<\/div><div class=\"fusion-widget fusion-widget-element fusion-widget-area fusion-content-widget-area wpWidget-1 wp_nav_menu_widget\" style=\"--awb-fusion-border-size:0px;--awb-fusion-border-style:solid;\"><div class=\"widget widget_nav_menu\"><div class=\"heading\"><h4 class=\"widget-title\">Pianmur\u00edt (Gors Dom\u00e4ne) <\/h4><\/div><div class=\"menu-gor_kurz-container\"><ul id=\"menu-gor_kurz\" class=\"menu\"><li id=\"menu-item-3166\" class=\"menu-item menu-item-type-post_type menu-item-object-post menu-item-3166\"><a href=\"https:\/\/sandra-bloh.de\/lamaga\/2025\/08\/25\/001\/\">001<\/a><\/li>\n<li id=\"menu-item-3165\" class=\"menu-item menu-item-type-post_type menu-item-object-post menu-item-3165\"><a href=\"https:\/\/sandra-bloh.de\/lamaga\/2025\/08\/25\/002\/\">002<\/a><\/li>\n<li id=\"menu-item-3164\" class=\"menu-item menu-item-type-post_type menu-item-object-post menu-item-3164\"><a href=\"https:\/\/sandra-bloh.de\/lamaga\/2025\/08\/25\/003\/\">003<\/a><\/li>\n<li id=\"menu-item-3163\" class=\"menu-item menu-item-type-post_type menu-item-object-post menu-item-3163\"><a href=\"https:\/\/sandra-bloh.de\/lamaga\/2025\/08\/25\/004\/\">004<\/a><\/li>\n<li id=\"menu-item-3162\" class=\"menu-item menu-item-type-post_type menu-item-object-post menu-item-3162\"><a href=\"https:\/\/sandra-bloh.de\/lamaga\/2025\/08\/25\/005\/\">005<\/a><\/li>\n<li id=\"menu-item-3161\" class=\"menu-item menu-item-type-post_type menu-item-object-post menu-item-3161\"><a href=\"https:\/\/sandra-bloh.de\/lamaga\/2025\/08\/25\/006\/\">006<\/a><\/li>\n<\/ul><\/div><\/div><\/div><\/div><\/div><\/div><\/div><div class=\"fusion-fullwidth fullwidth-box fusion-builder-row-3 fusion-flex-container has-pattern-background has-mask-background hundred-percent-fullwidth non-hundred-percent-height-scrolling fusion-no-medium-visibility fusion-no-large-visibility\" style=\"--awb-border-radius-top-left:0px;--awb-border-radius-top-right:0px;--awb-border-radius-bottom-right:0px;--awb-border-radius-bottom-left:0px;--awb-background-color:rgba(0,0,0,0.5);--awb-flex-wrap:wrap;\" ><div class=\"fusion-builder-row fusion-row fusion-flex-align-items-flex-start fusion-flex-content-wrap\" style=\"width:104% !important;max-width:104% !important;margin-left: calc(-4% \/ 2 );margin-right: calc(-4% \/ 2 );\"><div class=\"fusion-layout-column fusion_builder_column fusion-builder-column-2 fusion_builder_column_1_1 1_1 fusion-flex-column\" style=\"--awb-bg-size:cover;--awb-width-large:100%;--awb-margin-top-large:0px;--awb-spacing-right-large:1.92%;--awb-margin-bottom-large:20px;--awb-spacing-left-large:1.92%;--awb-width-medium:100%;--awb-order-medium:0;--awb-spacing-right-medium:1.92%;--awb-spacing-left-medium:1.92%;--awb-width-small:100%;--awb-order-small:0;--awb-spacing-right-small:1.92%;--awb-spacing-left-small:1.92%;\"><div class=\"fusion-column-wrapper fusion-column-has-shadow fusion-flex-justify-content-flex-start fusion-content-layout-column\"><div class=\"fusion-builder-row fusion-builder-row-inner fusion-row fusion-flex-align-items-flex-start fusion-flex-content-wrap\" style=\"width:104% !important;max-width:104% !important;margin-left: calc(-4% \/ 2 );margin-right: calc(-4% \/ 2 );\"><div class=\"fusion-layout-column fusion_builder_column_inner fusion-builder-nested-column-0 fusion_builder_column_inner_1_2 1_2 fusion-flex-column\" style=\"--awb-bg-size:cover;--awb-width-large:50%;--awb-margin-top-large:0px;--awb-spacing-right-large:3.84%;--awb-margin-bottom-large:20px;--awb-spacing-left-large:3.84%;--awb-width-medium:50%;--awb-order-medium:0;--awb-spacing-right-medium:3.84%;--awb-spacing-left-medium:3.84%;--awb-width-small:100%;--awb-order-small:0;--awb-spacing-right-small:1.92%;--awb-spacing-left-small:1.92%;\"><div class=\"fusion-column-wrapper fusion-column-has-shadow fusion-flex-justify-content-flex-start fusion-content-layout-column\"><div class=\"fusion-image-element fusion-no-medium-visibility fusion-no-large-visibility\" style=\"--awb-caption-title-font-family:var(--h2_typography-font-family);--awb-caption-title-font-weight:var(--h2_typography-font-weight);--awb-caption-title-font-style:var(--h2_typography-font-style);--awb-caption-title-size:var(--h2_typography-font-size);--awb-caption-title-transform:var(--h2_typography-text-transform);--awb-caption-title-line-height:var(--h2_typography-line-height);--awb-caption-title-letter-spacing:var(--h2_typography-letter-spacing);\"><span class=\" fusion-imageframe imageframe-none imageframe-2 hover-type-none\"><img decoding=\"async\" width=\"140\" height=\"219\" title=\"Gorcover_Thumb\" src=\"https:\/\/sandra-bloh.de\/lamaga\/wp-content\/uploads\/2025\/09\/Gorcover_Thumb-1.webp\" alt class=\"img-responsive wp-image-4101\"\/><\/span><\/div><div class=\"fusion-text fusion-text-2\" style=\"--awb-margin-top:10px;\"><p>Eine Nebengeschichte zu &#8220;Schattenherz, oder: die erg\u00e4nzte Seele&#8221;, die einige (l\u00e4ngst nicht alle) Hintergrundinformationen \u00fcber den Magier Gor Lucegath offenbart. Lernt ihn besser kennen, f\u00fcrchten &#8211; und verstehen! Achtung: Spoiler und Bezugnahmen auf die &#8220;Schattenherz&#8221;-Haupthandlung.<\/p>\n<\/div><\/div><\/div><div class=\"fusion-layout-column fusion_builder_column_inner fusion-builder-nested-column-1 fusion_builder_column_inner_1_2 1_2 fusion-flex-column\" style=\"--awb-bg-size:cover;--awb-width-large:50%;--awb-margin-top-large:0px;--awb-spacing-right-large:3.84%;--awb-margin-bottom-large:20px;--awb-spacing-left-large:3.84%;--awb-width-medium:50%;--awb-order-medium:0;--awb-spacing-right-medium:3.84%;--awb-spacing-left-medium:3.84%;--awb-width-small:100%;--awb-order-small:0;--awb-spacing-right-small:1.92%;--awb-spacing-left-small:1.92%;\"><div class=\"fusion-column-wrapper fusion-column-has-shadow fusion-flex-justify-content-flex-start fusion-content-layout-column\"><div class=\"fusion-widget fusion-widget-element fusion-widget-area fusion-content-widget-area wpWidget-2 wp_nav_menu_widget\" style=\"--awb-fusion-border-size:0px;--awb-fusion-border-style:solid;\"><div class=\"widget widget_nav_menu\"><div class=\"heading\"><h4 class=\"widget-title\">Pianmur\u00edt (Gors Dom\u00e4ne) <\/h4><\/div><div class=\"menu-gor_kurz-container\"><ul id=\"menu-gor_kurz-1\" class=\"menu\"><li class=\"menu-item menu-item-type-post_type menu-item-object-post menu-item-3166\"><a href=\"https:\/\/sandra-bloh.de\/lamaga\/2025\/08\/25\/001\/\">001<\/a><\/li>\n<li class=\"menu-item menu-item-type-post_type menu-item-object-post menu-item-3165\"><a href=\"https:\/\/sandra-bloh.de\/lamaga\/2025\/08\/25\/002\/\">002<\/a><\/li>\n<li class=\"menu-item menu-item-type-post_type menu-item-object-post menu-item-3164\"><a href=\"https:\/\/sandra-bloh.de\/lamaga\/2025\/08\/25\/003\/\">003<\/a><\/li>\n<li class=\"menu-item menu-item-type-post_type menu-item-object-post menu-item-3163\"><a href=\"https:\/\/sandra-bloh.de\/lamaga\/2025\/08\/25\/004\/\">004<\/a><\/li>\n<li class=\"menu-item menu-item-type-post_type menu-item-object-post menu-item-3162\"><a href=\"https:\/\/sandra-bloh.de\/lamaga\/2025\/08\/25\/005\/\">005<\/a><\/li>\n<li class=\"menu-item menu-item-type-post_type menu-item-object-post menu-item-3161\"><a href=\"https:\/\/sandra-bloh.de\/lamaga\/2025\/08\/25\/006\/\">006<\/a><\/li>\n<\/ul><\/div><\/div><\/div><\/div><\/div><\/div><\/div><\/div><\/div><\/div><\/p>\n","protected":false},"excerpt":{"rendered":"","protected":false},"author":2,"featured_media":0,"parent":0,"menu_order":0,"comment_status":"closed","ping_status":"closed","template":"100-width.php","meta":{"footnotes":""},"class_list":["post-3058","page","type-page","status-publish","hentry"],"acf":[],"_links":{"self":[{"href":"https:\/\/sandra-bloh.de\/lamaga\/wp-json\/wp\/v2\/pages\/3058","targetHints":{"allow":["GET"]}}],"collection":[{"href":"https:\/\/sandra-bloh.de\/lamaga\/wp-json\/wp\/v2\/pages"}],"about":[{"href":"https:\/\/sandra-bloh.de\/lamaga\/wp-json\/wp\/v2\/types\/page"}],"author":[{"embeddable":true,"href":"https:\/\/sandra-bloh.de\/lamaga\/wp-json\/wp\/v2\/users\/2"}],"replies":[{"embeddable":true,"href":"https:\/\/sandra-bloh.de\/lamaga\/wp-json\/wp\/v2\/comments?post=3058"}],"version-history":[{"count":23,"href":"https:\/\/sandra-bloh.de\/lamaga\/wp-json\/wp\/v2\/pages\/3058\/revisions"}],"predecessor-version":[{"id":4171,"href":"https:\/\/sandra-bloh.de\/lamaga\/wp-json\/wp\/v2\/pages\/3058\/revisions\/4171"}],"wp:attachment":[{"href":"https:\/\/sandra-bloh.de\/lamaga\/wp-json\/wp\/v2\/media?parent=3058"}],"curies":[{"name":"wp","href":"https:\/\/api.w.org\/{rel}","templated":true}]}}