{"id":3034,"date":"2025-08-25T18:31:24","date_gmt":"2025-08-25T16:31:24","guid":{"rendered":"https:\/\/sandra-bloh.de\/lamaga\/?page_id=3034"},"modified":"2025-09-01T19:46:16","modified_gmt":"2025-09-01T17:46:16","slug":"yalomiro-und-das-unsterbliche-lamm-spin-off","status":"publish","type":"page","link":"https:\/\/sandra-bloh.de\/lamaga\/yalomiro-und-das-unsterbliche-lamm-spin-off\/","title":{"rendered":"Yalomiro und das unsterbliche Lamm (Spin-Off)"},"content":{"rendered":"<p><div class=\"fusion-fullwidth fullwidth-box fusion-builder-row-1 fusion-flex-container has-pattern-background has-mask-background faded-background fusion-parallax-none hundred-percent-fullwidth non-hundred-percent-height-scrolling fusion-no-small-visibility\" style=\"--awb-background-position-medium:center center;--awb-background-position-small:center center;--awb-background-repeat-medium:no-repeat;--awb-background-repeat-small:no-repeat;--awb-border-radius-top-left:0px;--awb-border-radius-top-right:0px;--awb-border-radius-bottom-right:0px;--awb-border-radius-bottom-left:0px;--awb-padding-top:100px;--awb-padding-right:0px;--awb-padding-bottom:100px;--awb-padding-left:0px;--awb-margin-top:0px;--awb-margin-bottom:0px;--awb-background-image-medium:url(&#039;https:\/\/sandra-bloh.de\/lamaga\/wp-content\/uploads\/2025\/09\/Tablet_Yalomiro_KG_Titel.webp&#039;);--awb-background-image-small:url(&#039;https:\/\/sandra-bloh.de\/lamaga\/wp-content\/uploads\/2025\/09\/Phone_Yalomiro_KG_Titel.webp&#039;);--awb-background-size:contain;--awb-background-size-medium:contain;--awb-background-size-small:contain;--awb-flex-wrap:wrap;--awb-flex-wrap-medium:wrap;\" ><div class=\"fullwidth-faded\" style=\"--awb-background-color:rgba(0,0,0,0.5);--awb-background-position-medium:center center;--awb-background-position-small:center center;--awb-background-repeat-medium:no-repeat;--awb-background-repeat-small:no-repeat;--awb-background-image:url(https:\/\/sandra-bloh.de\/lamaga\/wp-content\/uploads\/2025\/08\/Yalomiro_KG_Titel.webp);--awb-background-image-medium:url(&#039;https:\/\/sandra-bloh.de\/lamaga\/wp-content\/uploads\/2025\/09\/Tablet_Yalomiro_KG_Titel.webp&#039;);--awb-background-image-small:url(&#039;https:\/\/sandra-bloh.de\/lamaga\/wp-content\/uploads\/2025\/09\/Phone_Yalomiro_KG_Titel.webp&#039;);--awb-background-size:contain;--awb-background-size-medium:contain;--awb-background-size-small:contain;\" ><\/div><div class=\"fusion-builder-row fusion-row fusion-flex-align-items-flex-start fusion-flex-align-content-center fusion-flex-content-wrap\" style=\"width:104% !important;max-width:104% !important;margin-left: calc(-4% \/ 2 );margin-right: calc(-4% \/ 2 );\"><\/div><\/div><div class=\"fusion-fullwidth fullwidth-box fusion-builder-row-2 fusion-flex-container has-pattern-background has-mask-background nonhundred-percent-fullwidth non-hundred-percent-height-scrolling fusion-no-small-visibility\" style=\"--awb-border-radius-top-left:0px;--awb-border-radius-top-right:0px;--awb-border-radius-bottom-right:0px;--awb-border-radius-bottom-left:0px;--awb-background-color:rgba(0,0,0,0.5);--awb-flex-wrap:wrap;\" ><div class=\"fusion-builder-row fusion-row fusion-flex-align-items-flex-start fusion-flex-content-wrap\" style=\"max-width:1144px;margin-left: calc(-4% \/ 2 );margin-right: calc(-4% \/ 2 );\"><div class=\"fusion-layout-column fusion_builder_column fusion-builder-column-0 fusion_builder_column_1_3 1_3 fusion-flex-column\" style=\"--awb-bg-size:cover;--awb-width-large:33.333333333333%;--awb-margin-top-large:0px;--awb-spacing-right-large:5.76%;--awb-margin-bottom-large:20px;--awb-spacing-left-large:5.76%;--awb-width-medium:33.333333333333%;--awb-order-medium:0;--awb-spacing-right-medium:5.76%;--awb-spacing-left-medium:5.76%;--awb-width-small:100%;--awb-order-small:0;--awb-spacing-right-small:1.92%;--awb-spacing-left-small:1.92%;\"><div class=\"fusion-column-wrapper fusion-column-has-shadow fusion-flex-justify-content-flex-start fusion-content-layout-column\"><div class=\"fusion-image-element fusion-no-small-visibility\" style=\"--awb-margin-top:20px;--awb-caption-title-font-family:var(--h2_typography-font-family);--awb-caption-title-font-weight:var(--h2_typography-font-weight);--awb-caption-title-font-style:var(--h2_typography-font-style);--awb-caption-title-size:var(--h2_typography-font-size);--awb-caption-title-transform:var(--h2_typography-text-transform);--awb-caption-title-line-height:var(--h2_typography-line-height);--awb-caption-title-letter-spacing:var(--h2_typography-letter-spacing);\"><span class=\" fusion-imageframe imageframe-none imageframe-1 hover-type-none\"><img decoding=\"async\" width=\"512\" height=\"800\" title=\"Yalo_Mag\" src=\"https:\/\/sandra-bloh.de\/lamaga\/wp-content\/uploads\/2025\/08\/Yalo_Mag.webp\" alt class=\"img-responsive wp-image-3039\" srcset=\"https:\/\/sandra-bloh.de\/lamaga\/wp-content\/uploads\/2025\/08\/Yalo_Mag-192x300.webp 192w, https:\/\/sandra-bloh.de\/lamaga\/wp-content\/uploads\/2025\/08\/Yalo_Mag-200x313.webp 200w, https:\/\/sandra-bloh.de\/lamaga\/wp-content\/uploads\/2025\/08\/Yalo_Mag-400x625.webp 400w, https:\/\/sandra-bloh.de\/lamaga\/wp-content\/uploads\/2025\/08\/Yalo_Mag.webp 512w\" sizes=\"(max-width: 640px) 100vw, 400px\" \/><\/span><\/div><\/div><\/div><div class=\"fusion-layout-column fusion_builder_column fusion-builder-column-1 fusion_builder_column_2_3 2_3 fusion-flex-column\" style=\"--awb-bg-size:cover;--awb-width-large:66.666666666667%;--awb-margin-top-large:20px;--awb-spacing-right-large:2.88%;--awb-margin-bottom-large:20px;--awb-spacing-left-large:2.88%;--awb-width-medium:66.666666666667%;--awb-order-medium:0;--awb-spacing-right-medium:2.88%;--awb-spacing-left-medium:2.88%;--awb-width-small:100%;--awb-order-small:0;--awb-spacing-right-small:1.92%;--awb-spacing-left-small:1.92%;\" data-scroll-devices=\"small-visibility,medium-visibility,large-visibility\"><div class=\"fusion-column-wrapper fusion-column-has-shadow fusion-flex-justify-content-flex-start fusion-content-layout-column\"><div class=\"fusion-text fusion-text-1\"><p>Yalomiro Lagoscyre ist mit dreizehn Sommern bereits ein au\u00dfergew\u00f6hnlich m\u00e4chtiger Schattens\u00e4nger &#8211; und neigt zu Leichtsinn. Als bei den Unkundigen im Nachbardorf ein offenbar verfluchtes Lamm auftaucht, zieht der junge Magier mit seinen Gef\u00e4hrten los, um das R\u00e4tsel zu l\u00f6sen. &#8212; Dies ist eine Spin-off-Geschichte aus den &#8220;Schattenherz-Chroniken&#8221;, die unabh\u00e4ngig von den Langtexten gelesen werden kann und ein wenig Schattens\u00e4nger-Lore und Mood verbreiten soll.<\/p>\n<\/div><div class=\"fusion-widget fusion-widget-element fusion-widget-area fusion-content-widget-area wpWidget-1 wp_nav_menu_widget\" style=\"--awb-fusion-border-size:0px;--awb-fusion-border-style:solid;\"><div class=\"widget widget_nav_menu\"><div class=\"heading\"><h4 class=\"widget-title\">Yalomiro und das unsterbliche Lamm<\/h4><\/div><div class=\"menu-yalo_kurz-container\"><ul id=\"menu-yalo_kurz\" class=\"menu\"><li id=\"menu-item-3125\" class=\"menu-item menu-item-type-post_type menu-item-object-post menu-item-3125\"><a href=\"https:\/\/sandra-bloh.de\/lamaga\/2025\/08\/25\/01-unheimliches-obst\/\">01: Unheimliches Obst<\/a><\/li>\n<li id=\"menu-item-3124\" class=\"menu-item menu-item-type-post_type menu-item-object-post menu-item-3124\"><a href=\"https:\/\/sandra-bloh.de\/lamaga\/2025\/08\/25\/02-fruehmaechtig\/\">02: Fr\u00fchm\u00e4chtig<\/a><\/li>\n<li id=\"menu-item-3123\" class=\"menu-item menu-item-type-post_type menu-item-object-post menu-item-3123\"><a href=\"https:\/\/sandra-bloh.de\/lamaga\/2025\/08\/25\/03-unkundige-probleme\/\">03: Unkundige Probleme<\/a><\/li>\n<li id=\"menu-item-3122\" class=\"menu-item menu-item-type-post_type menu-item-object-post menu-item-3122\"><a href=\"https:\/\/sandra-bloh.de\/lamaga\/2025\/08\/25\/04-goldene-muenze-goldenes-ruestzeug\/\">04: Goldene M\u00fcnze, goldenes R\u00fcstzeug<\/a><\/li>\n<li id=\"menu-item-3121\" class=\"menu-item menu-item-type-post_type menu-item-object-post menu-item-3121\"><a href=\"https:\/\/sandra-bloh.de\/lamaga\/2025\/08\/25\/05-das-unsterbliche-lamm\/\">05: Das unsterbliche Lamm<\/a><\/li>\n<li id=\"menu-item-3120\" class=\"menu-item menu-item-type-post_type menu-item-object-post menu-item-3120\"><a href=\"https:\/\/sandra-bloh.de\/lamaga\/2025\/08\/25\/06-blanke-gedanken\/\">06: Blanke Gedanken<\/a><\/li>\n<li id=\"menu-item-3119\" class=\"menu-item menu-item-type-post_type menu-item-object-post menu-item-3119\"><a href=\"https:\/\/sandra-bloh.de\/lamaga\/2025\/08\/25\/07-der-bachorkor\/\">07: Der b\u00e1chorkor<\/a><\/li>\n<li id=\"menu-item-3118\" class=\"menu-item menu-item-type-post_type menu-item-object-post menu-item-3118\"><a href=\"https:\/\/sandra-bloh.de\/lamaga\/2025\/08\/25\/08-yalomiro-schleicht-sich-an\/\">08: Yalomiro schleicht sich an<\/a><\/li>\n<li id=\"menu-item-3117\" class=\"menu-item menu-item-type-post_type menu-item-object-post menu-item-3117\"><a href=\"https:\/\/sandra-bloh.de\/lamaga\/2025\/08\/25\/09-die-goldgeruesteten-verfolger\/\">09: Die goldger\u00fcsteten Verfolger<\/a><\/li>\n<li id=\"menu-item-3116\" class=\"menu-item menu-item-type-post_type menu-item-object-post menu-item-3116\"><a href=\"https:\/\/sandra-bloh.de\/lamaga\/2025\/08\/25\/10-yalomiro-schweigt\/\">10: Yalomiro schweigt<\/a><\/li>\n<\/ul><\/div><\/div><\/div><\/div><\/div><\/div><\/div><div class=\"fusion-fullwidth fullwidth-box fusion-builder-row-3 fusion-flex-container has-pattern-background has-mask-background hundred-percent-fullwidth non-hundred-percent-height-scrolling fusion-no-medium-visibility fusion-no-large-visibility\" style=\"--awb-border-radius-top-left:0px;--awb-border-radius-top-right:0px;--awb-border-radius-bottom-right:0px;--awb-border-radius-bottom-left:0px;--awb-background-color:rgba(0,0,0,0.5);--awb-flex-wrap:wrap;\" ><div class=\"fusion-builder-row fusion-row fusion-flex-align-items-flex-start fusion-flex-content-wrap\" style=\"width:104% !important;max-width:104% !important;margin-left: calc(-4% \/ 2 );margin-right: calc(-4% \/ 2 );\"><div class=\"fusion-layout-column fusion_builder_column fusion-builder-column-2 fusion_builder_column_1_1 1_1 fusion-flex-column\" style=\"--awb-bg-size:cover;--awb-width-large:100%;--awb-margin-top-large:0px;--awb-spacing-right-large:1.92%;--awb-margin-bottom-large:20px;--awb-spacing-left-large:1.92%;--awb-width-medium:100%;--awb-order-medium:0;--awb-spacing-right-medium:1.92%;--awb-spacing-left-medium:1.92%;--awb-width-small:100%;--awb-order-small:0;--awb-spacing-right-small:1.92%;--awb-spacing-left-small:1.92%;\"><div class=\"fusion-column-wrapper fusion-column-has-shadow fusion-flex-justify-content-flex-start fusion-content-layout-column\"><div class=\"fusion-builder-row fusion-builder-row-inner fusion-row fusion-flex-align-items-flex-start fusion-flex-content-wrap\" style=\"width:104% !important;max-width:104% !important;margin-left: calc(-4% \/ 2 );margin-right: calc(-4% \/ 2 );\"><div class=\"fusion-layout-column fusion_builder_column_inner fusion-builder-nested-column-0 fusion_builder_column_inner_1_2 1_2 fusion-flex-column\" style=\"--awb-bg-size:cover;--awb-width-large:50%;--awb-margin-top-large:0px;--awb-spacing-right-large:3.84%;--awb-margin-bottom-large:20px;--awb-spacing-left-large:3.84%;--awb-width-medium:50%;--awb-order-medium:0;--awb-spacing-right-medium:3.84%;--awb-spacing-left-medium:3.84%;--awb-width-small:100%;--awb-order-small:0;--awb-spacing-right-small:1.92%;--awb-spacing-left-small:1.92%;\"><div class=\"fusion-column-wrapper fusion-column-has-shadow fusion-flex-justify-content-flex-start fusion-content-layout-column\"><div class=\"fusion-image-element fusion-no-medium-visibility fusion-no-large-visibility\" style=\"--awb-caption-title-font-family:var(--h2_typography-font-family);--awb-caption-title-font-weight:var(--h2_typography-font-weight);--awb-caption-title-font-style:var(--h2_typography-font-style);--awb-caption-title-size:var(--h2_typography-font-size);--awb-caption-title-transform:var(--h2_typography-text-transform);--awb-caption-title-line-height:var(--h2_typography-line-height);--awb-caption-title-letter-spacing:var(--h2_typography-letter-spacing);\"><span class=\" fusion-imageframe imageframe-none imageframe-2 hover-type-none\"><img decoding=\"async\" width=\"140\" height=\"219\" title=\"Yalo_Mag_Thumb\" src=\"https:\/\/sandra-bloh.de\/lamaga\/wp-content\/uploads\/2025\/09\/Yalo_Mag_Thumb.webp\" alt class=\"img-responsive wp-image-4074\"\/><\/span><\/div><div class=\"fusion-text fusion-text-2 fusion-no-medium-visibility fusion-no-large-visibility\" style=\"--awb-margin-top:10px;\"><p>Yalomiro Lagoscyre ist mit dreizehn Sommern bereits ein au\u00dfergew\u00f6hnlich m\u00e4chtiger Schattens\u00e4nger &#8211; und neigt zu Leichtsinn. Als bei den Unkundigen im Nachbardorf ein offenbar verfluchtes Lamm auftaucht, zieht der junge Magier mit seinen Gef\u00e4hrten los, um das R\u00e4tsel zu l\u00f6sen. &#8212; Dies ist eine Spin-off-Geschichte aus den &#8220;Schattenherz-Chroniken&#8221;, die unabh\u00e4ngig von den Langtexten gelesen werden kann und ein wenig Schattens\u00e4nger-Lore und Mood verbreiten soll.<\/p>\n<\/div><\/div><\/div><div class=\"fusion-layout-column fusion_builder_column_inner fusion-builder-nested-column-1 fusion_builder_column_inner_1_2 1_2 fusion-flex-column\" style=\"--awb-bg-size:cover;--awb-width-large:50%;--awb-margin-top-large:0px;--awb-spacing-right-large:3.84%;--awb-margin-bottom-large:20px;--awb-spacing-left-large:3.84%;--awb-width-medium:50%;--awb-order-medium:0;--awb-spacing-right-medium:3.84%;--awb-spacing-left-medium:3.84%;--awb-width-small:100%;--awb-order-small:0;--awb-spacing-right-small:1.92%;--awb-spacing-left-small:1.92%;\"><div class=\"fusion-column-wrapper fusion-column-has-shadow fusion-flex-justify-content-flex-start fusion-content-layout-column\"><div class=\"fusion-widget fusion-widget-element fusion-widget-area fusion-content-widget-area wpWidget-2 wp_nav_menu_widget fusion-no-medium-visibility fusion-no-large-visibility\" style=\"--awb-fusion-border-size:0px;--awb-fusion-border-style:solid;\"><div class=\"widget widget_nav_menu\"><div class=\"heading\"><h4 class=\"widget-title\">Yalomiro und das unsterbliche Lamm<\/h4><\/div><div class=\"menu-yalo_kurz-container\"><ul id=\"menu-yalo_kurz-1\" class=\"menu\"><li class=\"menu-item menu-item-type-post_type menu-item-object-post menu-item-3125\"><a href=\"https:\/\/sandra-bloh.de\/lamaga\/2025\/08\/25\/01-unheimliches-obst\/\">01: Unheimliches Obst<\/a><\/li>\n<li class=\"menu-item menu-item-type-post_type menu-item-object-post menu-item-3124\"><a href=\"https:\/\/sandra-bloh.de\/lamaga\/2025\/08\/25\/02-fruehmaechtig\/\">02: Fr\u00fchm\u00e4chtig<\/a><\/li>\n<li class=\"menu-item menu-item-type-post_type menu-item-object-post menu-item-3123\"><a href=\"https:\/\/sandra-bloh.de\/lamaga\/2025\/08\/25\/03-unkundige-probleme\/\">03: Unkundige Probleme<\/a><\/li>\n<li class=\"menu-item menu-item-type-post_type menu-item-object-post menu-item-3122\"><a href=\"https:\/\/sandra-bloh.de\/lamaga\/2025\/08\/25\/04-goldene-muenze-goldenes-ruestzeug\/\">04: Goldene M\u00fcnze, goldenes R\u00fcstzeug<\/a><\/li>\n<li class=\"menu-item menu-item-type-post_type menu-item-object-post menu-item-3121\"><a href=\"https:\/\/sandra-bloh.de\/lamaga\/2025\/08\/25\/05-das-unsterbliche-lamm\/\">05: Das unsterbliche Lamm<\/a><\/li>\n<li class=\"menu-item menu-item-type-post_type menu-item-object-post menu-item-3120\"><a href=\"https:\/\/sandra-bloh.de\/lamaga\/2025\/08\/25\/06-blanke-gedanken\/\">06: Blanke Gedanken<\/a><\/li>\n<li class=\"menu-item menu-item-type-post_type menu-item-object-post menu-item-3119\"><a href=\"https:\/\/sandra-bloh.de\/lamaga\/2025\/08\/25\/07-der-bachorkor\/\">07: Der b\u00e1chorkor<\/a><\/li>\n<li class=\"menu-item menu-item-type-post_type menu-item-object-post menu-item-3118\"><a href=\"https:\/\/sandra-bloh.de\/lamaga\/2025\/08\/25\/08-yalomiro-schleicht-sich-an\/\">08: Yalomiro schleicht sich an<\/a><\/li>\n<li class=\"menu-item menu-item-type-post_type menu-item-object-post menu-item-3117\"><a href=\"https:\/\/sandra-bloh.de\/lamaga\/2025\/08\/25\/09-die-goldgeruesteten-verfolger\/\">09: Die goldger\u00fcsteten Verfolger<\/a><\/li>\n<li class=\"menu-item menu-item-type-post_type menu-item-object-post menu-item-3116\"><a href=\"https:\/\/sandra-bloh.de\/lamaga\/2025\/08\/25\/10-yalomiro-schweigt\/\">10: Yalomiro schweigt<\/a><\/li>\n<\/ul><\/div><\/div><\/div><\/div><\/div><\/div><\/div><\/div><\/div><\/div><\/p>\n","protected":false},"excerpt":{"rendered":"","protected":false},"author":2,"featured_media":0,"parent":0,"menu_order":0,"comment_status":"closed","ping_status":"closed","template":"100-width.php","meta":{"footnotes":""},"class_list":["post-3034","page","type-page","status-publish","hentry"],"acf":[],"_links":{"self":[{"href":"https:\/\/sandra-bloh.de\/lamaga\/wp-json\/wp\/v2\/pages\/3034","targetHints":{"allow":["GET"]}}],"collection":[{"href":"https:\/\/sandra-bloh.de\/lamaga\/wp-json\/wp\/v2\/pages"}],"about":[{"href":"https:\/\/sandra-bloh.de\/lamaga\/wp-json\/wp\/v2\/types\/page"}],"author":[{"embeddable":true,"href":"https:\/\/sandra-bloh.de\/lamaga\/wp-json\/wp\/v2\/users\/2"}],"replies":[{"embeddable":true,"href":"https:\/\/sandra-bloh.de\/lamaga\/wp-json\/wp\/v2\/comments?post=3034"}],"version-history":[{"count":16,"href":"https:\/\/sandra-bloh.de\/lamaga\/wp-json\/wp\/v2\/pages\/3034\/revisions"}],"predecessor-version":[{"id":4110,"href":"https:\/\/sandra-bloh.de\/lamaga\/wp-json\/wp\/v2\/pages\/3034\/revisions\/4110"}],"wp:attachment":[{"href":"https:\/\/sandra-bloh.de\/lamaga\/wp-json\/wp\/v2\/media?parent=3034"}],"curies":[{"name":"wp","href":"https:\/\/api.w.org\/{rel}","templated":true}]}}