{"id":124,"date":"2021-12-28T21:20:22","date_gmt":"2021-12-28T20:20:22","guid":{"rendered":"http:\/\/sandra-bloh.de\/lamaga\/?page_id=124"},"modified":"2025-09-21T01:24:11","modified_gmt":"2025-09-20T23:24:11","slug":"magisches","status":"publish","type":"page","link":"https:\/\/sandra-bloh.de\/lamaga\/magisches\/","title":{"rendered":"Magiesystem"},"content":{"rendered":"<p><div class=\"fusion-fullwidth fullwidth-box fusion-builder-row-1 fusion-flex-container has-pattern-background has-mask-background faded-background fusion-parallax-fixed hundred-percent-fullwidth non-hundred-percent-height-scrolling fusion-absolute-container fusion-absolute-position-small fusion-absolute-position-medium fusion-absolute-position-large\" style=\"--awb-border-radius-top-left:0px;--awb-border-radius-top-right:0px;--awb-border-radius-bottom-right:0px;--awb-border-radius-bottom-left:0px;--awb-padding-top:100px;--awb-padding-right:0px;--awb-padding-bottom:100px;--awb-padding-left:0px;--awb-margin-top:0px;--awb-margin-bottom:0px;--awb-background-image-medium:url(&#039;https:\/\/sandra-bloh.de\/lamaga\/wp-content\/uploads\/2025\/09\/Tablet_Magisches.webp&#039;);--awb-background-image-small:url(&#039;https:\/\/sandra-bloh.de\/lamaga\/wp-content\/uploads\/2025\/09\/Mobil_Magisches.webp&#039;);--awb-background-size:contain;--awb-background-size-medium:contain;--awb-background-size-small:contain;--awb-flex-wrap:wrap;background-attachment:fixed;\" ><div class=\"fullwidth-faded\" style=\"--awb-background-color:rgba(0,0,0,0.5);--awb-background-parallax:fixed;--awb-background-image:url(https:\/\/sandra-bloh.de\/lamaga\/wp-content\/uploads\/2025\/09\/Screen_Magisches.webp);--awb-background-image-medium:url(&#039;https:\/\/sandra-bloh.de\/lamaga\/wp-content\/uploads\/2025\/09\/Tablet_Magisches.webp&#039;);--awb-background-image-small:url(&#039;https:\/\/sandra-bloh.de\/lamaga\/wp-content\/uploads\/2025\/09\/Mobil_Magisches.webp&#039;);--awb-background-size:contain;--awb-background-size-medium:contain;--awb-background-size-small:contain;\" ><\/div><div class=\"fusion-builder-row fusion-row fusion-flex-align-items-flex-start fusion-flex-align-content-center fusion-flex-content-wrap\" style=\"width:104% !important;max-width:104% !important;margin-left: calc(-4% \/ 2 );margin-right: calc(-4% \/ 2 );\"><\/div><\/div><div class=\"fusion-fullwidth fullwidth-box fusion-builder-row-2 fusion-flex-container has-pattern-background has-mask-background nonhundred-percent-fullwidth non-hundred-percent-height-scrolling fusion-no-small-visibility\" style=\"--awb-border-radius-top-left:0px;--awb-border-radius-top-right:0px;--awb-border-radius-bottom-right:0px;--awb-border-radius-bottom-left:0px;--awb-background-color:rgba(0,0,0,0.5);--awb-flex-wrap:wrap;\" ><div class=\"fusion-builder-row fusion-row fusion-flex-align-items-flex-start fusion-flex-content-wrap\" style=\"max-width:1144px;margin-left: calc(-4% \/ 2 );margin-right: calc(-4% \/ 2 );\"><div class=\"fusion-layout-column fusion_builder_column fusion-builder-column-0 fusion_builder_column_1_1 1_1 fusion-flex-column\" style=\"--awb-bg-color:rgba(0,0,0,0.5);--awb-bg-color-hover:rgba(0,0,0,0.5);--awb-bg-size:cover;--awb-width-large:100%;--awb-margin-top-large:0px;--awb-spacing-right-large:1.92%;--awb-margin-bottom-large:20px;--awb-spacing-left-large:1.92%;--awb-width-medium:100%;--awb-order-medium:0;--awb-spacing-right-medium:1.92%;--awb-spacing-left-medium:1.92%;--awb-width-small:100%;--awb-order-small:0;--awb-spacing-right-small:1.92%;--awb-spacing-left-small:1.92%;\"><div class=\"fusion-column-wrapper fusion-column-has-shadow fusion-flex-justify-content-flex-start fusion-content-layout-column\"><div class=\"fusion-text fusion-text-1 fusion-text-no-margin\" style=\"--awb-margin-bottom:1\u00dfpx;\"><p style=\"padding-left: 40px;\"><em><span style=\"color: #b29c3a;\">\u201eWir sind Magier, die der Dunkelheit geweiht sind.\u201c<\/span><\/em><br \/><em><span style=\"color: #b29c3a;\">\u201eDann bist du also sowas wie ein Diener der Finsternis?\u201c<\/span><\/em><br \/><em><span style=\"color: #b29c3a;\">\u201eSo, wie du es sagst, bef\u00fcrchte ich, dass du dir etwas ganz anderes darunter vorstellst als ich.\u201c<\/span><\/em><\/p>\n<p style=\"text-align: right; padding-left: 40px;\"><em><span style=\"color: #b29c3a;\">aus<\/span><span style=\"color: #b29c3a;\"> &#8220;Schattenherz&#8221;<\/span><\/em><\/p>\n<\/div><div class=\"fusion-separator fusion-full-width-sep\" style=\"align-self: center;margin-left: auto;margin-right: auto;width:100%;\"><div class=\"fusion-separator-border sep-double sep-solid\" style=\"--awb-height:20px;--awb-amount:20px;border-color:var(--awb-color3);border-top-width:1px;border-bottom-width:1px;\"><\/div><\/div><div class=\"fusion-text fusion-text-2\"><p>Unter den Figuren im Weltenspiel gibt es einige buchst\u00e4blich \u201eAuserw\u00e4hlte\u201c, denen die M\u00e4chte besondere Kr\u00e4fte verliehen haben. Ihre grundlegende Funktion als &#8220;Figuren&#8221; im Weltenspiel besteht darin, St\u00f6rungen durch das Widerwesen abzuwehren und nichtmagische Menschen zu besch\u00fctzen.<\/p>\n<\/div><div class=\"fusion-separator fusion-full-width-sep\" style=\"align-self: center;margin-left: auto;margin-right: auto;width:100%;\"><div class=\"fusion-separator-border sep-double sep-solid\" style=\"--awb-height:20px;--awb-amount:20px;border-color:var(--awb-color3);border-top-width:1px;border-bottom-width:1px;\"><\/div><\/div><div class=\"fusion-text fusion-text-3 awb-text-cols fusion-text-columns-2\" style=\"--awb-text-transform:none;--awb-columns:2;--awb-column-spacing:2em;--awb-column-min-width:100px;--awb-margin-top:10px;\"><h4>Wie funktioniert Magie in den Schattenherz-Croniken?<\/h4>\n<p>Was die magischen F\u00e4higkeiten der drei Magier-Fraktionen betrifft, gibt es Gemeinsamkeiten. Derartige \u201eAlltagszaubereien\u201c umfassen Kleinigkeiten wie das Beschw\u00f6ren von Licht, Telepathie oder Kampf- und Verteidigungstechniken. Es gibt aber auch deutliche Unterschiede im Rahmen dessen, was einem Magier m\u00f6glich ist, und was nicht. Spezielle magische Fertigkeiten sind in den &#8220;Schattenherz-Chroniken&#8221; je nach Magiergruppe unterschiedlich ausgepr\u00e4gt.<\/p>\n<h4>Magie als Gabe der M\u00e4chte<\/h4>\n<p><!-- \/wp:post-content --><\/p>\n<p><!-- wp:paragraph --><\/p>\n<p>Alle Magie \u201estammt\u201c urspr\u00fcnglich von den drei M\u00e4chten (Schatten, Farben, Licht). Sie wurde den Ur-Magiern als Geschenk zugeteilt, mit der Auflage, sie dem\u00fctig zu verwenden, niemals nach Macht zu streben und sie nicht gegen Menschen einzusetzen. Magie gezielt anzuwenden muss durch Anleitung von erfahreneren Magiern erlernt werden. Zaubern zu lernen ist also kein akademischer Wissenserwerb, sondern das gezielte Kanalisieren von Kraft im Hinblick auf einen gew\u00fcnschten Zweck. Es erfordert Selbstdisziplin, Achtsamkeit und Intuition.<\/p>\n<h4>Magische Energie: die <i>maghiscal<\/i><\/h4>\n<p><!-- \/wp:paragraph --><\/p>\n<p><!-- wp:paragraph --><\/p>\n<p>Die Magie ruht jeweils im Inneren eines Magiers, sowohl spirituell als auch organisch. Dabei baut sich ein \u201eKraftfeld\u201c nach au\u00dfen auf. Magier nennen diesen Energiefilm \u201e<em>maghiscal<\/em>\u201c. Bei Bedarf l\u00e4sst sich die <em>maghiscal <\/em>ausweiten oder verdichten (zum Beispiel, um sich selbst oder eine andere Person vor etwas abzuschirmen). Konzentriert l\u00e4sst sie sich als dosierter Impuls gegen ein Ziel richten, etwa f\u00fcr Angriffe oder um auf physische Objekte einzuwirken. Unter gewissen Umst\u00e4nden k\u00f6nnen Magier ihre <em>maghiscal<\/em> teilen beziehungsweise etwas davon abgeben, oder sie vereinen.<\/p>\n<h4>Preis und Grenzen von Magie<\/h4>\n<p><!-- \/wp:paragraph --><\/p>\n<p><!-- wp:paragraph --><\/p>\n<p>Die <em>maghiscal<\/em> verbraucht sich, sobald gezaubert wird, regeneriert sich aber nach einiger Zeit und unter den richtigen Umst\u00e4nden. Ma\u00dfvoll eingesetzt, ist sie f\u00fcr einen Magier stets verf\u00fcgbar. Riskant wird es, wenn eine Zeitlang keine M\u00f6glichkeit zum \u201eAufladen\u201c besteht oder in sehr kurzer Zeit zu viel Magie verbraucht wird, etwa in Kampfsituationen oder f\u00fcr sehr aufw\u00e4ndige Zauber. Magie kann mit gewissen Mitteln blockiert werden, die je nach Magier-Orden variieren.<\/p>\n<h4>Magier und nicht-magische Menschen<\/h4>\n<p>Nicht-magische Menschen haben in den Schattenherz-Chroniken ein sehr ambivalentes Verh\u00e4ltnis zu Magiern. Zu gro\u00dfen Teilen beruht das auf den schlechten Erfahrungen der Menschen w\u00e4hrend der verheerenden &#8220;Magischen Kriege&#8221; und der sp\u00e4teren &#8220;Chaos-Kriege&#8221;. Damals waren die beteiligten Magier bem\u00fcht, Gefahr vom Weltenspiel abzuwenden. Dazu haben sie &#8211; neben dem Kampf gegen Monster und destruktiv agierende Magier &#8211; auch selektiv in Menschen betreffende Geschehnisse eingegriffen. In deren Perspektive stellt sich das Wirken der Magier als gef\u00e4hrlich, unheilvoll und r\u00fccksichtslos dar.<\/p>\n<p>Die Magier haben sich daraufhin weitgehend von den Menschen zur\u00fcckgezogen, wachen von ihren abgeschirmten Heiligt\u00fcmern aus aber weiterhin dar\u00fcber, dass das Weltenspiel nicht gest\u00f6rt wird. Allt\u00e4gliche Kontakte zu Menschen sind auf das Notwendigste beschr\u00e4nkt. Dabei sind Magier stets bereit, Menschen wohlwollend bei wichtigen Anliegen zu helfen und bei Gefahr tatkr\u00e4ftig zu besch\u00fctzen. Hilfe muss jedoch aktiv erbeten werden &#8211; Magier mischen sich nicht ungefragt in menschliche Belange ein. Wie Menschen auf die Anwesenheit von Magiern reagieren, ist h\u00f6chst individuell. Von Abscheu und Angst bis zu distanziertem Respekt und Ehrfurcht ist jede Reaktion denkbar.<\/p>\n<p>Faktisch verliert zu Zeiten der &#8220;Schattenherz-Chroniken&#8221; Magie immer mehr an Bedeutung, zumal es kaum noch aktive Magier gibt.<\/p>\n<p><!-- \/wp:paragraph --><\/p>\n<\/div><div class=\"fusion-builder-row fusion-builder-row-inner fusion-row fusion-flex-align-items-flex-start fusion-flex-content-wrap\" style=\"width:104% !important;max-width:104% !important;margin-left: calc(-4% \/ 2 );margin-right: calc(-4% \/ 2 );\"><div class=\"fusion-layout-column fusion_builder_column_inner fusion-builder-nested-column-0 fusion_builder_column_inner_1_1 1_1 fusion-flex-column\" style=\"--awb-bg-size:cover;--awb-width-large:100%;--awb-margin-top-large:0px;--awb-spacing-right-large:1.92%;--awb-margin-bottom-large:20px;--awb-spacing-left-large:1.92%;--awb-width-medium:100%;--awb-order-medium:0;--awb-spacing-right-medium:1.92%;--awb-spacing-left-medium:1.92%;--awb-width-small:100%;--awb-order-small:0;--awb-spacing-right-small:1.92%;--awb-spacing-left-small:1.92%;\"><div class=\"fusion-column-wrapper fusion-column-has-shadow fusion-flex-justify-content-flex-start fusion-content-layout-column\"><div style=\"text-align:right;\"><a class=\"fusion-button button-flat fusion-button-default-size button-custom fusion-button-default button-1 fusion-button-default-span fusion-button-default-type fusion-has-button-gradient\" style=\"--button_accent_color:var(--awb-color8);--button_accent_hover_color:var(--awb-color8);--button_border_hover_color:var(--awb-color1);--button_gradient_top_color:var(--awb-color3);--button_gradient_bottom_color:var(--awb-custom_color_1);--button_gradient_top_color_hover:hsla(var(--awb-color4-h),calc(var(--awb-color4-s) - 5%),calc(var(--awb-color4-l) - 10%),var(--awb-color4-a));--button_gradient_bottom_color_hover:hsla(var(--awb-color3-h),calc(var(--awb-color3-s) - 5%),calc(var(--awb-color3-l) - 10%),var(--awb-color3-a));\" target=\"_self\" href=\"https:\/\/sandra-bloh.de\/lamaga\/magier\/\"><span class=\"fusion-button-text awb-button__text awb-button__text--default\">&#8230; weiterlesen &#8230;<\/span><\/a><\/div><\/div><\/div><\/div><\/div><\/div><\/div><\/div><div class=\"fusion-fullwidth fullwidth-box fusion-builder-row-3 fusion-flex-container has-pattern-background has-mask-background nonhundred-percent-fullwidth non-hundred-percent-height-scrolling fusion-no-medium-visibility fusion-no-large-visibility\" style=\"--awb-border-radius-top-left:0px;--awb-border-radius-top-right:0px;--awb-border-radius-bottom-right:0px;--awb-border-radius-bottom-left:0px;--awb-background-color:rgba(0,0,0,0.5);--awb-flex-wrap:wrap;\" ><div class=\"fusion-builder-row fusion-row fusion-flex-align-items-flex-start fusion-flex-content-wrap\" style=\"max-width:1144px;margin-left: calc(-4% \/ 2 );margin-right: calc(-4% \/ 2 );\"><div class=\"fusion-layout-column fusion_builder_column fusion-builder-column-1 fusion_builder_column_1_1 1_1 fusion-flex-column\" style=\"--awb-bg-color:rgba(0,0,0,0.5);--awb-bg-color-hover:rgba(0,0,0,0.5);--awb-bg-size:cover;--awb-width-large:100%;--awb-margin-top-large:0px;--awb-spacing-right-large:1.92%;--awb-margin-bottom-large:20px;--awb-spacing-left-large:1.92%;--awb-width-medium:100%;--awb-order-medium:0;--awb-spacing-right-medium:1.92%;--awb-spacing-left-medium:1.92%;--awb-width-small:100%;--awb-order-small:0;--awb-spacing-right-small:1.92%;--awb-spacing-left-small:1.92%;\"><div class=\"fusion-column-wrapper fusion-column-has-shadow fusion-flex-justify-content-flex-start fusion-content-layout-column\"><div class=\"fusion-text fusion-text-4 fusion-text-no-margin\" style=\"--awb-margin-bottom:1\u00dfpx;\"><p style=\"padding-left: 40px;\"><em><span style=\"color: #b29c3a;\">\u201eWir sind Magier, die der Dunkelheit geweiht sind.\u201c<\/span><\/em><br \/><em><span style=\"color: #b29c3a;\">\u201eDann bist du also sowas wie ein Diener der Finsternis?\u201c<\/span><\/em><br \/><em><span style=\"color: #b29c3a;\">\u201eSo, wie du es sagst, bef\u00fcrchte ich, dass du dir etwas ganz anderes darunter vorstellst als ich.\u201c<\/span><\/em><\/p>\n<p style=\"text-align: right; padding-left: 40px;\"><em><span style=\"color: #b29c3a;\">aus<\/span><span style=\"color: #b29c3a;\"> &#8220;Schattenherz&#8221;<\/span><\/em><\/p>\n<\/div><div class=\"fusion-separator fusion-full-width-sep\" style=\"align-self: center;margin-left: auto;margin-right: auto;width:100%;\"><div class=\"fusion-separator-border sep-double sep-solid\" style=\"--awb-height:20px;--awb-amount:20px;border-color:var(--awb-color3);border-top-width:1px;border-bottom-width:1px;\"><\/div><\/div><div class=\"fusion-text fusion-text-5\"><p>Unter den Figuren im Weltenspiel gibt es einige buchst\u00e4blich \u201eAuserw\u00e4hlte\u201c, denen die M\u00e4chte besondere Kr\u00e4fte verliehen haben. Ihre grundlegende Funktion als &#8220;Figuren&#8221; im Weltenspiel besteht darin, St\u00f6rungen durch das Widerwesen abzuwehren und nichtmagische Menschen zu besch\u00fctzen.<\/p>\n<\/div><div class=\"fusion-separator fusion-full-width-sep\" style=\"align-self: center;margin-left: auto;margin-right: auto;width:100%;\"><div class=\"fusion-separator-border sep-double sep-solid\" style=\"--awb-height:20px;--awb-amount:20px;border-color:var(--awb-color3);border-top-width:1px;border-bottom-width:1px;\"><\/div><\/div><div class=\"fusion-text fusion-text-6\" style=\"--awb-text-transform:none;--awb-margin-top:10px;\"><h4>Wie funktioniert Magie in den Schattenherz-Croniken?<\/h4>\n<p>Was die magischen F\u00e4higkeiten der drei Magier-Fraktionen betrifft, gibt es Gemeinsamkeiten. Derartige \u201eAlltagszaubereien\u201c umfassen Kleinigkeiten wie das Beschw\u00f6ren von Licht, Telepathie oder Kampf- und Verteidigungstechniken. Es gibt aber auch deutliche Unterschiede im Rahmen dessen, was einem Magier m\u00f6glich ist, und was nicht. Spezielle magische Fertigkeiten sind in den &#8220;Schattenherz-Chroniken&#8221; je nach Magiergruppe unterschiedlich ausgepr\u00e4gt.<\/p>\n<h4>Magie als Gabe der M\u00e4chte<\/h4>\n<p><!-- \/wp:paragraph --><\/p>\n<p><!-- wp:paragraph --><\/p>\n<p>Alle Magie \u201estammt\u201c urspr\u00fcnglich von den drei M\u00e4chten (Schatten, Farben, Licht). Sie wurde den Ur-Magiern als Geschenk zugeteilt, mit der Auflage, sie dem\u00fctig zu verwenden, niemals nach Macht zu streben und sie nicht gegen Menschen einzusetzen. Magie gezielt anzuwenden muss durch Anleitung von erfahreneren Magiern erlernt werden. Zaubern zu lernen ist also kein akademischer Wissenserwerb, sondern das gezielte Kanalisieren von Kraft im Hinblick auf einen gew\u00fcnschten Zweck. Es erfordert Selbstdisziplin, Achtsamkeit und Intuition.\u00a0<\/p>\n<h4>Magische Energie: die <i>maghiscal<\/i><\/h4>\n<p><!-- \/wp:paragraph --><\/p>\n<p><!-- wp:paragraph --><\/p>\n<p>Die Magie ruht jeweils im Inneren eines Magiers, sowohl spirituell als auch organisch. Dabei baut sich ein \u201eKraftfeld\u201c nach au\u00dfen auf. Magier nennen diesen Energiefilm \u201e<em>maghiscal<\/em>\u201c. Bei Bedarf l\u00e4sst sich die <em>maghiscal <\/em>ausweiten oder verdichten (zum Beispiel, um sich selbst oder eine andere Person vor etwas abzuschirmen). Konzentriert l\u00e4sst sie sich als dosierter Impuls gegen ein Ziel richten, etwa, f\u00fcr Angriffe oder um auf physische Objekte einzuwirken. Unter gewissen Umst\u00e4nden k\u00f6nnen Magier ihre <em>maghiscal<\/em> teilen beziehungsweise etwas davon abgeben, oder sie vereinen.<\/p>\n<h4>Preis und Grenzen von Magie<\/h4>\n<p><!-- \/wp:paragraph --><\/p>\n<p><!-- wp:paragraph --><\/p>\n<p>Die <em>maghiscal<\/em> verbraucht sich, sobald gezaubert wird, regeneriert sich aber nach einiger Zeit und unter den richtigen Umst\u00e4nden. Ma\u00dfvoll eingesetzt, ist sie f\u00fcr einen Magier stets verf\u00fcgbar. Riskant wird es, wenn eine Zeitlang keine M\u00f6glichkeit zum \u201eAufladen\u201c besteht oder in sehr kurzer Zeit zu viel Magie verbraucht wird, etwa in Kampfsituationen oder f\u00fcr sehr aufw\u00e4ndige Zauber. Magie kann mit gewissen Mitteln blockiert werden, die je nach Magier-Orden variieren.<\/p>\n<h4>Magier und nicht-magische Menschen<\/h4>\n<p>Nicht-magische Menschen haben in den Schattenherz-Chroniken ein sehr ambivalentes Verh\u00e4ltnis zu Magiern. Zu gro\u00dfen Teilen beruht das auf den schlechten Erfahrungen der Menschen w\u00e4hrend der verheerenden &#8220;Magischen Kriege&#8221; und der sp\u00e4teren &#8220;Chaos-Kriege&#8221;. Damals waren die beteiligten Magier bem\u00fcht, Gefahr vom Weltenspiel abzuwenden. Dazu haben sie &#8211; neben dem Kampf gegen Monster und destruktiv agierende Magier &#8211; auch selektiv in Menschen betreffende Geschehnisse eingegriffen. In deren Perspektive stellt sich das Wirken der Magier als gef\u00e4hrlich, unheilvoll und r\u00fccksichtslos dar.\u00a0<\/p>\n<p>Die Magier haben sich daraufhin weitgehend von den Menschen zur\u00fcckgezogen, wachen von ihren abgeschirmten Heiligt\u00fcmern aus aber weiterhin dar\u00fcber, dass das Weltenspiel nicht gest\u00f6rt wird. Allt\u00e4gliche Kontakte zu Menschen sind auf das Notwendigste beschr\u00e4nkt. Dabei sind Magier stets bereit, Menschen wohlwollend bei wichtigen Anliegen zu helfen und bei Gefahr tatkr\u00e4ftig zu besch\u00fctzen. Hilfe muss jedoch aktiv erbeten werden &#8211; Magier mischen sich nicht ungefragt in menschliche Belange ein. Wie Menschen auf die Anwesenheit von Magiern reagieren, ist h\u00f6chst individuell. Von Abscheu und Angst bis zu distanziertem Respekt und Ehrfurcht ist jede Reaktion denkbar.\u00a0<\/p>\n<p>Faktisch verliert zu Zeiten der &#8220;Schattenherz-Chroniken&#8221; Magie immer mehr an Bedeutung, zumal es kaum noch aktive Magier gibt.<\/p>\n<p><!-- \/wp:paragraph --><\/p>\n<\/div><div class=\"fusion-builder-row fusion-builder-row-inner fusion-row fusion-flex-align-items-flex-start fusion-flex-content-wrap\" style=\"width:104% !important;max-width:104% !important;margin-left: calc(-4% \/ 2 );margin-right: calc(-4% \/ 2 );\"><div class=\"fusion-layout-column fusion_builder_column_inner fusion-builder-nested-column-1 fusion_builder_column_inner_1_1 1_1 fusion-flex-column\" style=\"--awb-bg-size:cover;--awb-width-large:100%;--awb-margin-top-large:0px;--awb-spacing-right-large:1.92%;--awb-margin-bottom-large:20px;--awb-spacing-left-large:1.92%;--awb-width-medium:100%;--awb-order-medium:0;--awb-spacing-right-medium:1.92%;--awb-spacing-left-medium:1.92%;--awb-width-small:100%;--awb-order-small:0;--awb-spacing-right-small:1.92%;--awb-spacing-left-small:1.92%;\"><div class=\"fusion-column-wrapper fusion-column-has-shadow fusion-flex-justify-content-flex-start fusion-content-layout-column\"><div style=\"text-align:right;\"><a class=\"fusion-button button-flat fusion-button-default-size button-custom fusion-button-default button-2 fusion-button-default-span fusion-button-default-type fusion-has-button-gradient\" style=\"--button_accent_color:var(--awb-color8);--button_accent_hover_color:var(--awb-color8);--button_border_hover_color:var(--awb-color1);--button_gradient_top_color:var(--awb-color3);--button_gradient_bottom_color:var(--awb-custom_color_1);--button_gradient_top_color_hover:hsla(var(--awb-color4-h),calc(var(--awb-color4-s) - 5%),calc(var(--awb-color4-l) - 10%),var(--awb-color4-a));--button_gradient_bottom_color_hover:hsla(var(--awb-color3-h),calc(var(--awb-color3-s) - 5%),calc(var(--awb-color3-l) - 10%),var(--awb-color3-a));\" target=\"_self\" href=\"https:\/\/sandra-bloh.de\/lamaga\/magier\/\"><span class=\"fusion-button-text awb-button__text awb-button__text--default\">&#8230; weiterlesen &#8230;<\/span><\/a><\/div><\/div><\/div><\/div><\/div><\/div><\/div><\/div><\/p>","protected":false},"excerpt":{"rendered":"","protected":false},"author":2,"featured_media":0,"parent":0,"menu_order":0,"comment_status":"closed","ping_status":"closed","template":"100-width.php","meta":{"footnotes":""},"class_list":["post-124","page","type-page","status-publish","hentry"],"acf":[],"_links":{"self":[{"href":"https:\/\/sandra-bloh.de\/lamaga\/wp-json\/wp\/v2\/pages\/124","targetHints":{"allow":["GET"]}}],"collection":[{"href":"https:\/\/sandra-bloh.de\/lamaga\/wp-json\/wp\/v2\/pages"}],"about":[{"href":"https:\/\/sandra-bloh.de\/lamaga\/wp-json\/wp\/v2\/types\/page"}],"author":[{"embeddable":true,"href":"https:\/\/sandra-bloh.de\/lamaga\/wp-json\/wp\/v2\/users\/2"}],"replies":[{"embeddable":true,"href":"https:\/\/sandra-bloh.de\/lamaga\/wp-json\/wp\/v2\/comments?post=124"}],"version-history":[{"count":56,"href":"https:\/\/sandra-bloh.de\/lamaga\/wp-json\/wp\/v2\/pages\/124\/revisions"}],"predecessor-version":[{"id":4490,"href":"https:\/\/sandra-bloh.de\/lamaga\/wp-json\/wp\/v2\/pages\/124\/revisions\/4490"}],"wp:attachment":[{"href":"https:\/\/sandra-bloh.de\/lamaga\/wp-json\/wp\/v2\/media?parent=124"}],"curies":[{"name":"wp","href":"https:\/\/api.w.org\/{rel}","templated":true}]}}