{"id":115,"date":"2021-12-28T21:12:52","date_gmt":"2021-12-28T20:12:52","guid":{"rendered":"http:\/\/sandra-bloh.de\/lamaga\/?page_id=115"},"modified":"2025-09-21T01:31:42","modified_gmt":"2025-09-20T23:31:42","slug":"politisches","status":"publish","type":"page","link":"https:\/\/sandra-bloh.de\/lamaga\/politisches\/","title":{"rendered":"Welt &#038; Ordnung (Politik)"},"content":{"rendered":"<p><div class=\"fusion-fullwidth fullwidth-box fusion-builder-row-1 fusion-flex-container has-pattern-background has-mask-background faded-background fusion-parallax-none hundred-percent-fullwidth non-hundred-percent-height-scrolling\" style=\"--awb-background-position-medium:center center;--awb-background-position-small:center center;--awb-background-repeat-medium:no-repeat;--awb-background-repeat-small:no-repeat;--awb-border-radius-top-left:0px;--awb-border-radius-top-right:0px;--awb-border-radius-bottom-right:0px;--awb-border-radius-bottom-left:0px;--awb-padding-top:100px;--awb-padding-right:0px;--awb-padding-bottom:100px;--awb-padding-left:0px;--awb-margin-top:0px;--awb-margin-bottom:0px;--awb-background-image-medium:url(&#039;https:\/\/sandra-bloh.de\/lamaga\/wp-content\/uploads\/2025\/09\/Tablet_Politik.webp&#039;);--awb-background-image-small:url(&#039;https:\/\/sandra-bloh.de\/lamaga\/wp-content\/uploads\/2025\/09\/Mobil_Politik.webp&#039;);--awb-background-size:contain;--awb-background-size-medium:contain;--awb-background-size-small:contain;--awb-flex-wrap:wrap;--awb-flex-wrap-medium:wrap;\" ><div class=\"fullwidth-faded\" style=\"--awb-background-color:rgba(0,0,0,0.5);--awb-background-position-medium:center center;--awb-background-position-small:center center;--awb-background-repeat-medium:no-repeat;--awb-background-repeat-small:no-repeat;--awb-background-image:url(https:\/\/sandra-bloh.de\/lamaga\/wp-content\/uploads\/2025\/09\/Screen_Politik.webp);--awb-background-image-medium:url(&#039;https:\/\/sandra-bloh.de\/lamaga\/wp-content\/uploads\/2025\/09\/Tablet_Politik.webp&#039;);--awb-background-image-small:url(&#039;https:\/\/sandra-bloh.de\/lamaga\/wp-content\/uploads\/2025\/09\/Mobil_Politik.webp&#039;);--awb-background-size:contain;--awb-background-size-medium:contain;--awb-background-size-small:contain;\" ><\/div><div class=\"fusion-builder-row fusion-row fusion-flex-align-items-flex-start fusion-flex-align-content-center fusion-flex-content-wrap\" style=\"width:104% !important;max-width:104% !important;margin-left: calc(-4% \/ 2 );margin-right: calc(-4% \/ 2 );\"><\/div><\/div><div class=\"fusion-fullwidth fullwidth-box fusion-builder-row-2 fusion-flex-container has-pattern-background has-mask-background hundred-percent-fullwidth non-hundred-percent-height-scrolling fusion-no-small-visibility\" style=\"--awb-border-radius-top-left:0px;--awb-border-radius-top-right:0px;--awb-border-radius-bottom-right:0px;--awb-border-radius-bottom-left:0px;--awb-margin-top:0px;--awb-margin-bottom:0px;--awb-background-color:rgba(0,0,0,0.5);--awb-flex-wrap:wrap;\" ><div class=\"fusion-builder-row fusion-row fusion-flex-align-items-flex-start fusion-flex-content-wrap\" style=\"width:104% !important;max-width:104% !important;margin-left: calc(-4% \/ 2 );margin-right: calc(-4% \/ 2 );\"><div class=\"fusion-layout-column fusion_builder_column fusion-builder-column-0 fusion_builder_column_1_1 1_1 fusion-flex-column\" style=\"--awb-padding-top:10px;--awb-bg-color:rgba(0,0,0,0.5);--awb-bg-color-hover:rgba(0,0,0,0.5);--awb-bg-size:cover;--awb-width-large:100%;--awb-margin-top-large:0px;--awb-spacing-right-large:1.92%;--awb-margin-bottom-large:20px;--awb-spacing-left-large:1.92%;--awb-width-medium:100%;--awb-order-medium:0;--awb-spacing-right-medium:1.92%;--awb-spacing-left-medium:1.92%;--awb-width-small:100%;--awb-order-small:0;--awb-spacing-right-small:1.92%;--awb-spacing-left-small:1.92%;\" data-scroll-devices=\"small-visibility,medium-visibility,large-visibility\"><div class=\"fusion-column-wrapper fusion-column-has-shadow fusion-flex-justify-content-flex-start fusion-content-layout-column\"><div class=\"fusion-separator fusion-full-width-sep\" style=\"align-self: center;margin-left: auto;margin-right: auto;margin-bottom:10px;width:100%;\"><div class=\"fusion-separator-border sep-double sep-solid\" style=\"--awb-height:20px;--awb-amount:20px;border-color:var(--awb-color3);border-top-width:1px;border-bottom-width:1px;\"><\/div><\/div><div class=\"fusion-text fusion-text-1\"><p style=\"padding-left: 40px;\"><span style=\"color: #b29c3a;\"><em>Das war der Moment, in dem ich begriff, dass ein <\/em>yarl <em>mehr war als ein Adliger, der seine Heimatburg verwaltete und aus traditionellen Gr\u00fcnden in zeremoniellem R\u00fcstzeug herumlaufen musste. Diese M\u00e4nner <\/em>waren <em>die Armee ihrer Herrinnen und Herren. Die Turniere waren Simulationen, kontrollierte Szenarien, in denen sie einander und f\u00fcr ihre jeweiligen <\/em>teirandon <em>St\u00e4rke und Kampfgeschick vor den Augen der \u00d6ffentlichkeit darboten. Turniere waren feierliche Wettk\u00e4mpfe \u2013 und ritualisierte Warnungen.<\/em><\/span><\/p>\n<p style=\"text-align: right; padding-left: 40px;\"><span style=\"color: #b29c3a;\">aus &#8220;Scherbenlied&#8221;<\/span><\/p>\n<\/div><div class=\"fusion-separator fusion-full-width-sep\" style=\"align-self: center;margin-left: auto;margin-right: auto;width:100%;\"><div class=\"fusion-separator-border sep-double sep-solid\" style=\"--awb-height:20px;--awb-amount:20px;border-color:var(--awb-color3);border-top-width:1px;border-bottom-width:1px;\"><\/div><\/div><div class=\"fusion-text fusion-text-2 awb-text-cols fusion-text-columns-2 fusion-no-small-visibility\" style=\"--awb-columns:2;--awb-column-spacing:2em;--awb-column-min-width:100px;--awb-margin-top:10px;\"><p>Die Schattenherzchroniken-Welt hat ein sehr einfaches &#8220;politisches&#8221; System, das allerdings zu Zeiten von \u201eSchattenherz\u201c (dem ersten Teil der Chroniken) bereits mit den neuen Systemen, den gro\u00dfen freien \u201eSt\u00e4dten\u201c in Konkurrenz ger\u00e4t. In den St\u00e4dten &#8211; repr\u00e4sentiert durch Virh\u00e1vet oder Aur\u00f3p\u00e9a \u2013 gibt es keinen Anf\u00fchrer im Sinne eines (im Idealfall weisen und gerechten) <em>teirand <\/em>[~ K\u00f6nig] mehr. Stattdessen beginnt sich dort etwas aufzubauen, bei dem Macht und Geld miteinander eine Verbindung eingehen.\u00a0<\/p>\n<h3>Die Adligen: Besch\u00fctzer und K\u00e4mpfer<\/h3>\n<p><!-- \/wp:post-content --><\/p>\n<p><!-- wp:paragraph --><\/p>\n<p>F\u00fcr das traditionelle System gilt: Das Sagen ha<em>ben teirand <\/em>oder\u00a0<em>teiranda<\/em>. <em>Teiranday <\/em>obliegt die unmittelbare Verantwortung \u00fcber das zentrale Gebiet rings um die &#8220;Herrscherburg&#8221;. Sie sind weiterhin weisungsbefugt \u00fcber die ihnen unterstehende Adelsebene, den <em>yarlay <\/em>in ihren jeweils angrenzenden Gebieten. Die von den M\u00e4chten erteilte Aufgabe aller Adligen ist es, gerecht und vern\u00fcnftig f\u00fcr das Wohlergehen ihrer &#8220;Schutzbefohlenen&#8221; zu sorgen. Untergebene auszunutzen oder schlecht zu behandeln ist f\u00fcr ehrenhafte Adlige undenkbar &#8211; soweit die Idealvorstellung.\u00a0\u00a0<\/p>\n<p><em>Yarlay <\/em>sind in der Regel zugleich Ritter. Sie<em>\u00a0<\/em>sind (formell) die Elite-Leibwache f\u00fcr ihre jeweiligen <em>teiranday<\/em>.\u00a0Einer der <em>yarlay <\/em>wird au\u00dferdem zum <em>mynstir <\/em>bestellt, das ist der pers\u00f6nliche Berater des jeweiligen <em>teirand<\/em>. <em>Yarlay<\/em> repr\u00e4sentieren deren Wehrhaftigkeit und Kampfkraft. Im Nachgang mehrerer verheerender Kriege hat man sich im Weltenspiel darauf geeinigt, k\u00fcnftig bei ernsten Konflikten stellvertretend die <em>yarlay<\/em> in den Kampf zu schicken, um unn\u00f6tiges Blutvergie\u00dfen zu vermeiden. <em>Yarlay<\/em> haben die Pflicht, ihre F\u00e4higkeiten f\u00fcr das Prestige ihrer <em>teiranday\u00a0<\/em> regelm\u00e4\u00dfig bei Turnieren zu demonstrieren &#8211; wobei diese &#8220;Kampfspiele&#8221; im Laufe der Friedenszeiten zunehmend den Charakter von Sportveranstaltungen angenommen haben. Machtdemonstrationen sind daher hochgradig ritualisiert &#8211; ein praktikables, aber fragiles System.\u00a0<\/p>\n<h3>Partner und Politik<\/h3>\n<p><!-- \/wp:paragraph --><\/p>\n<p><!-- wp:paragraph --><\/p>\n<p>Es ist nicht un\u00fcblich, dass es mehrere einander gleichgestellte <em>yarlay <\/em>im selben <em>yarlm\u00e1lon <\/em>gibt (das geschieht automatisch, sobald mehrere Generationen in einem Haushalt leben oder es Br\u00fcder und mehrere S\u00f6hne gibt). Voraussetzung ist, dass einer aus jeder Familie am jeweiligen Hof des <em>teirand <\/em>anwesend ist, wobei die <em>yarlay <\/em>einer Familie sich dabei abwechseln k\u00f6nnen. Daraus ergibt sich ein Problem, wenn ein <em>yarl <\/em>keine (zum Ritter tauglichen) Nachkommen hat.\u00a0<\/p>\n<p><em>Yarlay<\/em> und <em>teiranday<\/em> gehen in der Regel Partnerschaften innerhalb ihres eigenen Standes, aber g\u00e4nzlich unabh\u00e4ngig vom Wirkungskreis ihres <em>teirandon<\/em> ein. Verbindungen zwischen Adligen und Nichtadligen sind zwar nicht die Regel, aber kein Tabu. Aufrichtige Liebesbeziehungen werden als Geschenk der M\u00e4chte respektiert und haben immer Vorrang vor politischem Kalk\u00fcl &#8211; vorerst.\u00a0<\/p>\n<h3>Umgang mit Konflikten<\/h3>\n<p><!-- \/wp:paragraph --><\/p>\n<p><!-- wp:paragraph --><\/p>\n<p>Problematisch wird es, wenn ein <em>yarl<\/em> aus irgendeinem Grund in Konflikt mit einem <em>teirand<\/em> ger\u00e4t &#8211; unabh\u00e4ngig davon, ob der eigene oder ein fremder Regent involviert ist. Kann eine Sachlage nicht unzweifelhaft gekl\u00e4rt werden (beispielsweise, weil es keine Zeugen gibt) hat ein <em>yarl<\/em> das Recht auf ein <em>yarlp\u00e9nar<\/em>. Dabei vertritt eine Anzahl von gleichrangigen <em>yarlay<\/em> den gesch\u00e4digten <em>teirand<\/em>, der beschuldigte <em>yarl<\/em> benennt eine gleiche Anzahl von F\u00fcrsprechern. Die diskutieren dann das Schicksal des Angeklagten aus und stimmen dar\u00fcber ab. Auf diese Weise sollen Intrigen erschwert werden. Ob das immer funktioniert, wird sich zeigen.\u00a0<\/p>\n<p>Schutzbefohlene eines <em>yarl<\/em> k\u00f6nnen sich jederzeit beim <em>teirand<\/em> \u00fcber Fehlverhalten oder ungerechte Behandlung durch den <em>yarl<\/em> beklagen. Sollten sich derartige Vorw\u00fcrfe erh\u00e4rten, sch\u00e4digt das die Ehre des <em>yarl<\/em> und kann im Extremfall bis zum Entzug seines Status f\u00fchren.<\/p>\n<p><!-- \/wp:paragraph --><\/p>\n<\/div><\/div><\/div><\/div><\/div><div class=\"fusion-fullwidth fullwidth-box fusion-builder-row-3 fusion-flex-container has-pattern-background has-mask-background hundred-percent-fullwidth non-hundred-percent-height-scrolling fusion-no-medium-visibility fusion-no-large-visibility\" style=\"--awb-border-radius-top-left:0px;--awb-border-radius-top-right:0px;--awb-border-radius-bottom-right:0px;--awb-border-radius-bottom-left:0px;--awb-margin-top:0px;--awb-margin-bottom:0px;--awb-background-color:rgba(0,0,0,0.5);--awb-flex-wrap:wrap;\" ><div class=\"fusion-builder-row fusion-row fusion-flex-align-items-flex-start fusion-flex-content-wrap\" style=\"width:104% !important;max-width:104% !important;margin-left: calc(-4% \/ 2 );margin-right: calc(-4% \/ 2 );\"><div class=\"fusion-layout-column fusion_builder_column fusion-builder-column-1 fusion_builder_column_1_1 1_1 fusion-flex-column\" style=\"--awb-padding-top:10px;--awb-bg-color:rgba(0,0,0,0.5);--awb-bg-color-hover:rgba(0,0,0,0.5);--awb-bg-size:cover;--awb-width-large:100%;--awb-margin-top-large:0px;--awb-spacing-right-large:1.92%;--awb-margin-bottom-large:20px;--awb-spacing-left-large:1.92%;--awb-width-medium:100%;--awb-order-medium:0;--awb-spacing-right-medium:1.92%;--awb-spacing-left-medium:1.92%;--awb-width-small:100%;--awb-order-small:0;--awb-spacing-right-small:1.92%;--awb-spacing-left-small:1.92%;\" data-scroll-devices=\"small-visibility,medium-visibility,large-visibility\"><div class=\"fusion-column-wrapper fusion-column-has-shadow fusion-flex-justify-content-flex-start fusion-content-layout-column\"><div class=\"fusion-separator fusion-full-width-sep\" style=\"align-self: center;margin-left: auto;margin-right: auto;margin-bottom:10px;width:100%;\"><div class=\"fusion-separator-border sep-double sep-solid\" style=\"--awb-height:20px;--awb-amount:20px;border-color:var(--awb-color3);border-top-width:1px;border-bottom-width:1px;\"><\/div><\/div><div class=\"fusion-text fusion-text-3\"><p style=\"padding-left: 40px;\"><span style=\"color: #b29c3a;\"><em>Das war der Moment, in dem ich begriff, dass ein <\/em>yarl <em>mehr war als ein Adliger, der seine Heimatburg verwaltete und aus traditionellen Gr\u00fcnden in zeremoniellem R\u00fcstzeug herumlaufen musste. Diese M\u00e4nner <\/em>waren <em>die Armee ihrer Herrinnen und Herren. Die Turniere waren Simulationen, kontrollierte Szenarien, in denen sie einander und f\u00fcr ihre jeweiligen <\/em>teirandon <em>St\u00e4rke und Kampfgeschick vor den Augen der \u00d6ffentlichkeit darboten. Turniere waren feierliche Wettk\u00e4mpfe \u2013 und ritualisierte Warnungen.<\/em><\/span><\/p>\n<p style=\"text-align: right; padding-left: 40px;\"><span style=\"color: #b29c3a;\">aus &#8220;Scherbenlied&#8221;<\/span><\/p>\n<\/div><div class=\"fusion-separator fusion-full-width-sep\" style=\"align-self: center;margin-left: auto;margin-right: auto;width:100%;\"><div class=\"fusion-separator-border sep-double sep-solid\" style=\"--awb-height:20px;--awb-amount:20px;border-color:var(--awb-color3);border-top-width:1px;border-bottom-width:1px;\"><\/div><\/div><div class=\"fusion-text fusion-text-4 fusion-no-medium-visibility fusion-no-large-visibility\" style=\"--awb-margin-top:10px;\"><p>Die Schattenherzchroniken-Welt hat ein sehr einfaches &#8220;politisches&#8221; System, das allerdings zu Zeiten von \u201eSchattenherz\u201c (dem ersten Teil der Chroniken) bereits mit den neuen Systemen, den gro\u00dfen freien \u201eSt\u00e4dten\u201c in Konkurrenz ger\u00e4t. In den St\u00e4dten &#8211; repr\u00e4sentiert durch Virh\u00e1vet oder Aur\u00f3p\u00e9a \u2013 gibt es keinen Anf\u00fchrer im Sinne eines (im Idealfall weisen und gerechten) <em>teirand <\/em>[~ K\u00f6nig] mehr. Stattdessen beginnt sich dort etwas aufzubauen, bei dem Macht und Geld miteinander eine Verbindung eingehen.\u00a0<\/p>\n<h3>Die Adligen: Besch\u00fctzer und K\u00e4mpfer<\/h3>\n<p><!-- \/wp:paragraph --><\/p>\n<p><!-- wp:paragraph --><\/p>\n<p>F\u00fcr das traditionelle System gilt: Das Sagen ha<em>ben teirand <\/em>oder\u00a0<em>teiranda<\/em>. <em>Teiranday <\/em>obliegt die unmittelbare Verantwortung \u00fcber das zentrale Gebiet rings um die &#8220;Herrscherburg&#8221;. Sie sind weiterhin weisungsbefugt \u00fcber die ihnen unterstehende Adelsebene, den <em>yarlay <\/em>in ihren jeweils angrenzenden Gebieten. Die von den M\u00e4chten erteilte Aufgabe aller Adligen ist es, gerecht und vern\u00fcnftig f\u00fcr das Wohlergehen ihrer &#8220;Schutzbefohlenen&#8221; zu sorgen. Untergebene auszunutzen oder schlecht zu behandeln ist f\u00fcr ehrenhafte Adlige undenkbar &#8211; soweit die Idealvorstellung.\u00a0\u00a0<\/p>\n<p><em>Yarlay <\/em>sind in der Regel zugleich Ritter. Sie<em>\u00a0<\/em>sind (formell) die Elite-Leibwache f\u00fcr ihre jeweiligen <em>teiranday<\/em>.\u00a0Einer der <em>yarlay <\/em>wird au\u00dferdem zum <em>mynstir <\/em>bestellt, das ist der pers\u00f6nliche Berater des jeweiligen <em>teirand<\/em>. <em>Yarlay<\/em> repr\u00e4sentieren deren Wehrhaftigkeit und Kampfkraft. Im Nachgang mehrerer verheerender Kriege hat man sich im Weltenspiel darauf geeinigt, k\u00fcnftig bei ernsten Konflikten stellvertretend die <em>yarlay<\/em> in den Kampf zu schicken, um unn\u00f6tiges Blutvergie\u00dfen zu vermeiden. <em>Yarlay<\/em> haben die Pflicht, ihre F\u00e4higkeiten f\u00fcr das Prestige ihrer <em>teiranday\u00a0<\/em> regelm\u00e4\u00dfig bei Turnieren zu demonstrieren &#8211; wobei diese &#8220;Kampfspiele&#8221; im Laufe der Friedenszeiten zunehmend den Charakter von Sportveranstaltungen angenommen haben. Machtdemonstrationen sind daher hochgradig ritualisiert &#8211; ein praktikables, aber fragiles System.\u00a0<\/p>\n<h3>Partner und Politik<\/h3>\n<p><!-- \/wp:paragraph --><\/p>\n<p><!-- wp:paragraph --><\/p>\n<p>Es ist nicht un\u00fcblich, dass es mehrere einander gleichgestellte <em>yarlay <\/em>im selben <em>yarlm\u00e1lon <\/em>gibt (das geschieht automatisch, sobald mehrere Generationen in einem Haushalt leben oder es Br\u00fcder und mehrere S\u00f6hne gibt). Voraussetzung ist, dass einer aus jeder Familie am jeweiligen Hof des <em>teirand <\/em>anwesend ist, wobei die <em>yarlay <\/em>einer Familie sich dabei abwechseln k\u00f6nnen. Daraus ergibt sich ein Problem, wenn ein <em>yarl <\/em>keine (zum Ritter tauglichen) Nachkommen hat.\u00a0<\/p>\n<p><em>Yarlay<\/em> und <em>teiranday<\/em> gehen in der Regel Partnerschaften innerhalb ihres eigenen Standes, aber g\u00e4nzlich unabh\u00e4ngig vom Wirkungskreis ihres <em>teirandon<\/em> ein. Verbindungen zwischen Adligen und Nichtadligen sind zwar nicht die Regel, aber kein Tabu. Aufrichtige Liebesbeziehungen werden als Geschenk der M\u00e4chte respektiert und haben immer Vorrang vor politischem Kalk\u00fcl &#8211; vorerst.\u00a0<\/p>\n<h3>Umgang mit Konflikten<\/h3>\n<p><!-- \/wp:paragraph --><\/p>\n<p><!-- wp:paragraph --><\/p>\n<p>Problematisch wird es, wenn ein <em>yarl<\/em> aus irgendeinem Grund in Konflikt mit einem <em>teirand<\/em> ger\u00e4t &#8211; unabh\u00e4ngig davon, ob der eigene oder ein fremder Regent involviert ist. Kann eine Sachlage nicht unzweifelhaft gekl\u00e4rt werden (beispielsweise, weil es keine Zeugen gibt) hat ein <em>yarl<\/em> das Recht auf ein <em>yarlp\u00e9nar<\/em>. Dabei vertritt eine Anzahl von gleichrangigen <em>yarlay<\/em> den gesch\u00e4digten <em>teirand<\/em>, der beschuldigte <em>yarl<\/em> benennt eine gleiche Anzahl von F\u00fcrsprechern. Die diskutieren dann das Schicksal des Angeklagten aus und stimmen dar\u00fcber ab. Auf diese Weise sollen Intrigen erschwert werden. Ob das immer funktioniert, wird sich zeigen.\u00a0<\/p>\n<p>Schutzbefohlene eines <em>yarl<\/em> k\u00f6nnen sich jederzeit beim <em>teirand<\/em> \u00fcber Fehlverhalten oder ungerechte Behandlung durch den <em>yarl<\/em> beklagen. Sollten sich derartige Vorw\u00fcrfe erh\u00e4rten, sch\u00e4digt das die Ehre des <em>yarl<\/em> und kann im Extremfall bis zum Entzug seines Status f\u00fchren.<\/p>\n<p><!-- \/wp:paragraph --><\/p>\n<\/div><\/div><\/div><\/div><\/div><\/p>","protected":false},"excerpt":{"rendered":"","protected":false},"author":2,"featured_media":0,"parent":0,"menu_order":0,"comment_status":"closed","ping_status":"closed","template":"100-width.php","meta":{"footnotes":""},"class_list":["post-115","page","type-page","status-publish","hentry"],"acf":[],"_links":{"self":[{"href":"https:\/\/sandra-bloh.de\/lamaga\/wp-json\/wp\/v2\/pages\/115","targetHints":{"allow":["GET"]}}],"collection":[{"href":"https:\/\/sandra-bloh.de\/lamaga\/wp-json\/wp\/v2\/pages"}],"about":[{"href":"https:\/\/sandra-bloh.de\/lamaga\/wp-json\/wp\/v2\/types\/page"}],"author":[{"embeddable":true,"href":"https:\/\/sandra-bloh.de\/lamaga\/wp-json\/wp\/v2\/users\/2"}],"replies":[{"embeddable":true,"href":"https:\/\/sandra-bloh.de\/lamaga\/wp-json\/wp\/v2\/comments?post=115"}],"version-history":[{"count":53,"href":"https:\/\/sandra-bloh.de\/lamaga\/wp-json\/wp\/v2\/pages\/115\/revisions"}],"predecessor-version":[{"id":675,"href":"https:\/\/sandra-bloh.de\/lamaga\/wp-json\/wp\/v2\/pages\/115\/revisions\/675"}],"wp:attachment":[{"href":"https:\/\/sandra-bloh.de\/lamaga\/wp-json\/wp\/v2\/media?parent=115"}],"curies":[{"name":"wp","href":"https:\/\/api.w.org\/{rel}","templated":true}]}}